{"id":84,"date":"2024-02-28T00:24:55","date_gmt":"2024-02-28T00:24:55","guid":{"rendered":"https:\/\/demo.artureanec.com\/themes\/logico-rounded\/?page_id=84"},"modified":"2025-10-02T15:59:11","modified_gmt":"2025-10-02T15:59:11","slug":"hizmetlerimiz","status":"publish","type":"page","link":"https:\/\/peralojistik.com\/index.php\/hizmetlerimiz\/","title":{"rendered":"Hizmetlerimiz"},"content":{"rendered":"\t\t<div data-elementor-type=\"wp-page\" data-elementor-id=\"84\" class=\"elementor elementor-84\">\n\t\t\t\t<div class=\"elementor-element elementor-element-8d719a1 e-flex e-con-boxed cut-corner-no sticky-container-off e-con e-parent\" data-id=\"8d719a1\" data-element_type=\"container\" data-e-type=\"container\">\n\t\t\t\t\t<div class=\"e-con-inner\">\n\t\t<div class=\"elementor-element elementor-element-bd7f08e e-con-full e-flex cut-corner-no sticky-container-off e-con e-child\" data-id=\"bd7f08e\" data-element_type=\"container\" data-e-type=\"container\">\n\t\t\t\t<div class=\"elementor-element elementor-element-1b3b63c elementor-widget__width-initial elementor-invisible elementor-widget elementor-widget-logico_heading\" data-id=\"1b3b63c\" data-element_type=\"widget\" data-e-type=\"widget\" data-settings=\"{&quot;_animation&quot;:&quot;logico_heading_animation&quot;}\" data-widget_type=\"logico_heading.default\">\n\t\t\t\t<div class=\"elementor-widget-container\">\n\t\t\t\t\t<h3 class=\"logico-title\">Ta\u015f\u0131mac\u0131l\u0131k Hizmetlerimiz\n<\/h3>\t\t\t\t<\/div>\n\t\t\t\t<\/div>\n\t\t<div class=\"elementor-element elementor-element-4b2a48b e-con-full e-grid cut-corner-no sticky-container-off e-con e-child\" data-id=\"4b2a48b\" data-element_type=\"container\" data-e-type=\"container\">\n\t\t<div class=\"elementor-element elementor-element-e13d263 e-con-full e-flex cut-corner-no sticky-container-off e-con e-child\" data-id=\"e13d263\" data-element_type=\"container\" data-e-type=\"container\">\n\t\t\t\t<div class=\"elementor-element elementor-element-2d007ac elementor-view-default elementor-widget elementor-widget-icon\" data-id=\"2d007ac\" data-element_type=\"widget\" data-e-type=\"widget\" data-widget_type=\"icon.default\">\n\t\t\t\t\t\t\t<div class=\"elementor-icon-wrapper\">\n\t\t\t<div class=\"elementor-icon\">\n\t\t\t\t\t\t<\/div>\n\t\t<\/div>\n\t\t\t\t\t\t<\/div>\n\t\t\t\t<div class=\"elementor-element elementor-element-75ff61e elementor-widget elementor-widget-logico_heading\" data-id=\"75ff61e\" data-element_type=\"widget\" data-e-type=\"widget\" data-widget_type=\"logico_heading.default\">\n\t\t\t\t<div class=\"elementor-widget-container\">\n\t\t\t\t\t<div class=\"logico-title\">Karayolu Ta\u015f\u0131mac\u0131l\u0131\u011f\u0131\n<\/div>\t\t\t\t<\/div>\n\t\t\t\t<\/div>\n\t\t\t\t<div class=\"elementor-element elementor-element-3ccff0f elementor-widget elementor-widget-text-editor\" data-id=\"3ccff0f\" data-element_type=\"widget\" data-e-type=\"widget\" data-widget_type=\"text-editor.default\">\n\t\t\t\t\t\t\t\t\t<p class=\"p1\">Avrupa, Balkanlar, Kafkasya, Orta Asya, Orta Do\u011fu ve K\u0131br\u0131s hatlar\u0131nda FTL\/LTL; <span class=\"s1\"><b>kap\u0131dan kap\u0131ya<\/b><\/span> takip.<\/p>\t\t\t\t\t\t\t\t<\/div>\n\t\t\t\t<div class=\"elementor-element elementor-element-c3aa583 elementor-widget elementor-widget-logico_button\" data-id=\"c3aa583\" data-element_type=\"widget\" data-e-type=\"widget\" data-widget_type=\"logico_button.default\">\n\t\t\t\t<div class=\"elementor-widget-container\">\n\t\t\t\t\t\n        <div class=\"button-widget\">\n            <div class=\"button-container\">\n                <a href=\"\/karayolu-tasimaciligi\" target=\"_blank\" class=\"logico-small-button\">\n                    Daha Fazla Bilgi Al<svg viewBox=\"0 0 13 20\"><polyline points=\"0.5 19.5 3 19.5 12.5 10 3 0.5\"><\/polyline><\/svg>                <\/a>\n            <\/div>\n        <\/div>\n        \t\t\t\t<\/div>\n\t\t\t\t<\/div>\n\t\t\t\t<\/div>\n\t\t<div class=\"elementor-element elementor-element-78d8c9c e-con-full e-flex cut-corner-no sticky-container-off e-con e-child\" data-id=\"78d8c9c\" data-element_type=\"container\" data-e-type=\"container\">\n\t\t\t\t<div class=\"elementor-element elementor-element-e068557 elementor-view-default elementor-widget elementor-widget-icon\" data-id=\"e068557\" data-element_type=\"widget\" data-e-type=\"widget\" data-widget_type=\"icon.default\">\n\t\t\t\t\t\t\t<div class=\"elementor-icon-wrapper\">\n\t\t\t<div class=\"elementor-icon\">\n\t\t\t\t\t\t<\/div>\n\t\t<\/div>\n\t\t\t\t\t\t<\/div>\n\t\t\t\t<div class=\"elementor-element elementor-element-31788ec elementor-widget elementor-widget-logico_heading\" data-id=\"31788ec\" data-element_type=\"widget\" data-e-type=\"widget\" data-widget_type=\"logico_heading.default\">\n\t\t\t\t<div class=\"elementor-widget-container\">\n\t\t\t\t\t<div class=\"logico-title\">Denizyolu Ta\u015f\u0131mac\u0131l\u0131\u011f\u0131\n<\/div>\t\t\t\t<\/div>\n\t\t\t\t<\/div>\n\t\t\t\t<div class=\"elementor-element elementor-element-487cef8 elementor-widget elementor-widget-text-editor\" data-id=\"487cef8\" data-element_type=\"widget\" data-e-type=\"widget\" data-widget_type=\"text-editor.default\">\n\t\t\t\t\t\t\t\t\t<p class=\"p1\">FCL\/LCL se\u00e7enekleri; hat\u2013transit\u2013ekipman alternatifleriyle do\u011fru <strong>s\u00fcre\u2013fiyat<\/strong> dengesi.<\/p>\t\t\t\t\t\t\t\t<\/div>\n\t\t\t\t<div class=\"elementor-element elementor-element-170f99f elementor-widget elementor-widget-logico_button\" data-id=\"170f99f\" data-element_type=\"widget\" data-e-type=\"widget\" data-widget_type=\"logico_button.default\">\n\t\t\t\t<div class=\"elementor-widget-container\">\n\t\t\t\t\t\n        <div class=\"button-widget\">\n            <div class=\"button-container\">\n                <a href=\"\/denizyolu-tasimaciligi\" target=\"_blank\" class=\"logico-small-button\">\n                    Daha Fazla Bilgi Al<svg viewBox=\"0 0 13 20\"><polyline points=\"0.5 19.5 3 19.5 12.5 10 3 0.5\"><\/polyline><\/svg>                <\/a>\n            <\/div>\n        <\/div>\n        \t\t\t\t<\/div>\n\t\t\t\t<\/div>\n\t\t\t\t<\/div>\n\t\t<div class=\"elementor-element elementor-element-4a9953d e-con-full e-flex cut-corner-no sticky-container-off e-con e-child\" data-id=\"4a9953d\" data-element_type=\"container\" data-e-type=\"container\">\n\t\t\t\t<div class=\"elementor-element elementor-element-26fedbc elementor-view-default elementor-widget elementor-widget-icon\" data-id=\"26fedbc\" data-element_type=\"widget\" data-e-type=\"widget\" data-widget_type=\"icon.default\">\n\t\t\t\t\t\t\t<div class=\"elementor-icon-wrapper\">\n\t\t\t<div class=\"elementor-icon\">\n\t\t\t\t\t\t<\/div>\n\t\t<\/div>\n\t\t\t\t\t\t<\/div>\n\t\t\t\t<div class=\"elementor-element elementor-element-ce269dc elementor-widget elementor-widget-logico_heading\" data-id=\"ce269dc\" data-element_type=\"widget\" data-e-type=\"widget\" data-widget_type=\"logico_heading.default\">\n\t\t\t\t<div class=\"elementor-widget-container\">\n\t\t\t\t\t<div class=\"logico-title\"> Havayolu Ta\u015f\u0131mac\u0131l\u0131\u011f\u0131\n<\/div>\t\t\t\t<\/div>\n\t\t\t\t<\/div>\n\t\t\t\t<div class=\"elementor-element elementor-element-7e816ec elementor-widget elementor-widget-text-editor\" data-id=\"7e816ec\" data-element_type=\"widget\" data-e-type=\"widget\" data-widget_type=\"text-editor.default\">\n\t\t\t\t\t\t\t\t\t<p class=\"p1\">Zaman kritik g\u00f6nderiler i\u00e7in h\u0131zl\u0131 planlama, esnek seferler ve <span class=\"s1\"><b>A\u2019dan Z\u2019ye<\/b><\/span> bilgilendirme.<\/p>\t\t\t\t\t\t\t\t<\/div>\n\t\t\t\t<div class=\"elementor-element elementor-element-a016490 elementor-widget elementor-widget-logico_button\" data-id=\"a016490\" data-element_type=\"widget\" data-e-type=\"widget\" data-widget_type=\"logico_button.default\">\n\t\t\t\t<div class=\"elementor-widget-container\">\n\t\t\t\t\t\n        <div class=\"button-widget\">\n            <div class=\"button-container\">\n                <a href=\"\/havayolu-tasimaciligi\" target=\"_blank\" class=\"logico-small-button\">\n                    Daha Fazla Bilgi Al<svg viewBox=\"0 0 13 20\"><polyline points=\"0.5 19.5 3 19.5 12.5 10 3 0.5\"><\/polyline><\/svg>                <\/a>\n            <\/div>\n        <\/div>\n        \t\t\t\t<\/div>\n\t\t\t\t<\/div>\n\t\t\t\t<\/div>\n\t\t\t\t<\/div>\n\t\t\t\t<\/div>\n\t\t\t\t\t<\/div>\n\t\t\t\t<\/div>\n\t\t<div class=\"elementor-element elementor-element-3168431 e-flex e-con-boxed cut-corner-no sticky-container-off e-con e-parent\" data-id=\"3168431\" data-element_type=\"container\" data-e-type=\"container\">\n\t\t\t\t\t<div class=\"e-con-inner\">\n\t\t<div class=\"elementor-element elementor-element-3c43266 e-con-full e-flex cut-corner-no sticky-container-off e-con e-child\" data-id=\"3c43266\" data-element_type=\"container\" data-e-type=\"container\">\n\t\t<div class=\"elementor-element elementor-element-0922a61 e-con-full e-flex cut-corner-no sticky-container-off e-con e-child\" data-id=\"0922a61\" data-element_type=\"container\" data-e-type=\"container\">\n\t\t\t\t<div class=\"elementor-element elementor-element-69407cb elementor-widget elementor-widget-image\" data-id=\"69407cb\" data-element_type=\"widget\" data-e-type=\"widget\" data-widget_type=\"image.default\">\n\t\t\t\t\t\t\t\t\t\t\t\t\t\t\t<img fetchpriority=\"high\" decoding=\"async\" width=\"500\" height=\"500\" src=\"https:\/\/peralojistik.com\/wp-content\/uploads\/2025\/10\/karayolu-tasimaciligi-peri.webp\" class=\"attachment-full size-full wp-image-10603\" alt=\"\" srcset=\"https:\/\/peralojistik.com\/wp-content\/uploads\/2025\/10\/karayolu-tasimaciligi-peri.webp 500w, https:\/\/peralojistik.com\/wp-content\/uploads\/2025\/10\/karayolu-tasimaciligi-peri-85x85.webp 85w, https:\/\/peralojistik.com\/wp-content\/uploads\/2025\/10\/karayolu-tasimaciligi-peri-480x480.webp 480w\" sizes=\"(max-width: 500px) 100vw, 500px\" \/>\t\t\t\t\t\t\t\t\t\t\t\t\t\t\t<\/div>\n\t\t\t\t<\/div>\n\t\t<div class=\"elementor-element elementor-element-905b01e e-con-full e-flex cut-corner-no sticky-container-off e-con e-child\" data-id=\"905b01e\" data-element_type=\"container\" data-e-type=\"container\">\n\t\t\t\t<div class=\"elementor-element elementor-element-a78a50b elementor-widget elementor-widget-image\" data-id=\"a78a50b\" data-element_type=\"widget\" data-e-type=\"widget\" data-widget_type=\"image.default\">\n\t\t\t\t\t\t\t\t\t\t\t\t\t\t\t<img decoding=\"async\" width=\"500\" height=\"500\" src=\"https:\/\/peralojistik.com\/wp-content\/uploads\/2025\/10\/karayolu-tasimaciligi-deka.webp\" class=\"attachment-full size-full wp-image-10602\" alt=\"\" srcset=\"https:\/\/peralojistik.com\/wp-content\/uploads\/2025\/10\/karayolu-tasimaciligi-deka.webp 500w, https:\/\/peralojistik.com\/wp-content\/uploads\/2025\/10\/karayolu-tasimaciligi-deka-85x85.webp 85w, https:\/\/peralojistik.com\/wp-content\/uploads\/2025\/10\/karayolu-tasimaciligi-deka-480x480.webp 480w\" sizes=\"(max-width: 500px) 100vw, 500px\" \/>\t\t\t\t\t\t\t\t\t\t\t\t\t\t\t<\/div>\n\t\t\t\t<\/div>\n\t\t<div class=\"elementor-element elementor-element-1a24093 e-con-full e-flex cut-corner-no sticky-container-off e-con e-child\" data-id=\"1a24093\" data-element_type=\"container\" data-e-type=\"container\">\n\t\t\t\t<div class=\"elementor-element elementor-element-8900f79 elementor-widget elementor-widget-image\" data-id=\"8900f79\" data-element_type=\"widget\" data-e-type=\"widget\" data-widget_type=\"image.default\">\n\t\t\t\t\t\t\t\t\t\t\t\t\t\t\t<img decoding=\"async\" width=\"500\" height=\"500\" src=\"https:\/\/peralojistik.com\/wp-content\/uploads\/2025\/10\/havayolu-tasimaciligi-hca.webp\" class=\"attachment-full size-full wp-image-10601\" alt=\"\" srcset=\"https:\/\/peralojistik.com\/wp-content\/uploads\/2025\/10\/havayolu-tasimaciligi-hca.webp 500w, https:\/\/peralojistik.com\/wp-content\/uploads\/2025\/10\/havayolu-tasimaciligi-hca-85x85.webp 85w, https:\/\/peralojistik.com\/wp-content\/uploads\/2025\/10\/havayolu-tasimaciligi-hca-480x480.webp 480w\" sizes=\"(max-width: 500px) 100vw, 500px\" \/>\t\t\t\t\t\t\t\t\t\t\t\t\t\t\t<\/div>\n\t\t\t\t<\/div>\n\t\t<div class=\"elementor-element elementor-element-9179de0 e-con-full e-flex cut-corner-no sticky-container-off e-con e-child\" data-id=\"9179de0\" data-element_type=\"container\" data-e-type=\"container\">\n\t\t\t\t<div class=\"elementor-element elementor-element-b15a5f5 elementor-widget elementor-widget-image\" data-id=\"b15a5f5\" data-element_type=\"widget\" data-e-type=\"widget\" data-widget_type=\"image.default\">\n\t\t\t\t\t\t\t\t\t\t\t\t\t\t\t<img loading=\"lazy\" decoding=\"async\" width=\"500\" height=\"500\" src=\"https:\/\/peralojistik.com\/wp-content\/uploads\/2025\/10\/denizyolu-tasimaciligi-taller.webp\" class=\"attachment-full size-full wp-image-10599\" alt=\"\" srcset=\"https:\/\/peralojistik.com\/wp-content\/uploads\/2025\/10\/denizyolu-tasimaciligi-taller.webp 500w, https:\/\/peralojistik.com\/wp-content\/uploads\/2025\/10\/denizyolu-tasimaciligi-taller-85x85.webp 85w, https:\/\/peralojistik.com\/wp-content\/uploads\/2025\/10\/denizyolu-tasimaciligi-taller-480x480.webp 480w\" sizes=\"(max-width: 500px) 100vw, 500px\" \/>\t\t\t\t\t\t\t\t\t\t\t\t\t\t\t<\/div>\n\t\t\t\t<\/div>\n\t\t<div class=\"elementor-element elementor-element-eec2539 e-con-full e-flex cut-corner-no sticky-container-off e-con e-child\" data-id=\"eec2539\" data-element_type=\"container\" data-e-type=\"container\">\n\t\t\t\t<div class=\"elementor-element elementor-element-e8e35f6 elementor-widget elementor-widget-image\" data-id=\"e8e35f6\" data-element_type=\"widget\" data-e-type=\"widget\" data-widget_type=\"image.default\">\n\t\t\t\t\t\t\t\t\t\t\t\t\t\t\t<img loading=\"lazy\" decoding=\"async\" width=\"500\" height=\"500\" src=\"https:\/\/peralojistik.com\/wp-content\/uploads\/2025\/10\/denizyolu-tasimaciligi-klematis.webp\" class=\"attachment-full size-full wp-image-10598\" alt=\"\" srcset=\"https:\/\/peralojistik.com\/wp-content\/uploads\/2025\/10\/denizyolu-tasimaciligi-klematis.webp 500w, https:\/\/peralojistik.com\/wp-content\/uploads\/2025\/10\/denizyolu-tasimaciligi-klematis-85x85.webp 85w, https:\/\/peralojistik.com\/wp-content\/uploads\/2025\/10\/denizyolu-tasimaciligi-klematis-480x480.webp 480w\" sizes=\"(max-width: 500px) 100vw, 500px\" \/>\t\t\t\t\t\t\t\t\t\t\t\t\t\t\t<\/div>\n\t\t\t\t<\/div>\n\t\t<div class=\"elementor-element elementor-element-7d7a2cf e-con-full e-flex cut-corner-no sticky-container-off e-con e-child\" data-id=\"7d7a2cf\" data-element_type=\"container\" data-e-type=\"container\">\n\t\t\t\t<div class=\"elementor-element elementor-element-3396714 elementor-widget elementor-widget-image\" data-id=\"3396714\" data-element_type=\"widget\" data-e-type=\"widget\" data-widget_type=\"image.default\">\n\t\t\t\t\t\t\t\t\t\t\t\t\t\t\t<img loading=\"lazy\" decoding=\"async\" width=\"500\" height=\"500\" src=\"https:\/\/peralojistik.com\/wp-content\/uploads\/2025\/10\/denizyolu-tasimaciligi-furkan-group.webp\" class=\"attachment-full size-full wp-image-10597\" alt=\"\" srcset=\"https:\/\/peralojistik.com\/wp-content\/uploads\/2025\/10\/denizyolu-tasimaciligi-furkan-group.webp 500w, https:\/\/peralojistik.com\/wp-content\/uploads\/2025\/10\/denizyolu-tasimaciligi-furkan-group-85x85.webp 85w, https:\/\/peralojistik.com\/wp-content\/uploads\/2025\/10\/denizyolu-tasimaciligi-furkan-group-480x480.webp 480w\" sizes=\"(max-width: 500px) 100vw, 500px\" \/>\t\t\t\t\t\t\t\t\t\t\t\t\t\t\t<\/div>\n\t\t\t\t<\/div>\n\t\t<div class=\"elementor-element elementor-element-a040efd e-con-full e-flex cut-corner-no sticky-container-off e-con e-child\" data-id=\"a040efd\" data-element_type=\"container\" data-e-type=\"container\">\n\t\t\t\t<div class=\"elementor-element elementor-element-0dc2c33 elementor-widget elementor-widget-image\" data-id=\"0dc2c33\" data-element_type=\"widget\" data-e-type=\"widget\" data-widget_type=\"image.default\">\n\t\t\t\t\t\t\t\t\t\t\t\t\t\t\t<img loading=\"lazy\" decoding=\"async\" width=\"885\" height=\"345\" src=\"https:\/\/peralojistik.com\/wp-content\/uploads\/2025\/10\/havayolu-tasimaciligi-emka-logo.webp\" class=\"attachment-full size-full wp-image-10600\" alt=\"\" \/>\t\t\t\t\t\t\t\t\t\t\t\t\t\t\t<\/div>\n\t\t\t\t<\/div>\n\t\t\t\t<\/div>\n\t\t\t\t\t<\/div>\n\t\t\t\t<\/div>\n\t\t<div class=\"elementor-element elementor-element-c0ef248 e-flex e-con-boxed cut-corner-no sticky-container-off e-con e-parent\" data-id=\"c0ef248\" data-element_type=\"container\" data-e-type=\"container\">\n\t\t\t\t\t<div class=\"e-con-inner\">\n\t\t<div class=\"elementor-element elementor-element-e010658 e-con-full e-flex cut-corner-no sticky-container-off e-con e-child\" data-id=\"e010658\" data-element_type=\"container\" data-e-type=\"container\">\n\t\t\t\t<div class=\"elementor-element elementor-element-f755edd elementor-widget__width-initial elementor-invisible elementor-widget elementor-widget-logico_heading\" data-id=\"f755edd\" data-element_type=\"widget\" data-e-type=\"widget\" data-settings=\"{&quot;_animation&quot;:&quot;logico_heading_animation&quot;}\" data-widget_type=\"logico_heading.default\">\n\t\t\t\t<div class=\"elementor-widget-container\">\n\t\t\t\t\t<h3 class=\"logico-title\">Nas\u0131l \u00c7al\u0131\u015f\u0131r\u0131z?\n<\/h3>\t\t\t\t<\/div>\n\t\t\t\t<\/div>\n\t\t\t\t<div class=\"elementor-element elementor-element-afa3ee8 elementor-widget elementor-widget-logico_steps\" data-id=\"afa3ee8\" data-element_type=\"widget\" data-e-type=\"widget\" data-widget_type=\"logico_steps.default\">\n\t\t\t\t<div class=\"elementor-widget-container\">\n\t\t\t\t\t\n        <div class=\"logico-steps-widget\">\n\n            \n            <div class=\"slider-footer slider-footer-view-outside slider-footer-position-before slider-footer-width-full\"><div class=\"slider-footer-content\"><div class=\"slider-pagination\"><div class=\"slider-progress-wrapper\"><span class=\"slider-progress-current\">01<\/span> \/<span class=\"slider-progress-all\">01<\/span><\/div><div class=\"owl-dots owl-dots-afa3ee8\"><\/div><\/div><\/div><\/div>\n            <div class=\"steps-slider owl-carousel owl-theme\" data-slider-options=\"{&quot;autoHeight&quot;:false,&quot;items&quot;:4,&quot;itemsWidescreen&quot;:4,&quot;itemsLaptop&quot;:3,&quot;itemsTabletExtra&quot;:2,&quot;itemsTablet&quot;:2,&quot;itemsMobileExtra&quot;:1,&quot;itemsMobile&quot;:1,&quot;nav&quot;:false,&quot;dots&quot;:true,&quot;progress&quot;:true,&quot;autoplayHoverPause&quot;:true,&quot;autoplay&quot;:true,&quot;autoplaySpeed&quot;:300,&quot;autoplayTimeout&quot;:5000,&quot;loop&quot;:true,&quot;dragEndSpeed&quot;:500,&quot;navSpeed&quot;:500,&quot;dotsSpeed&quot;:500,&quot;dotsContainer&quot;:&quot;.owl-dots-afa3ee8&quot;,&quot;rtl&quot;:false}\">\n                <div class=\"step-item slider-item\"><div class=\"step-number-wrapper\"><div class=\"step-number\">01<\/div><div class=\"step-number-label step-number-label-direction-vertical\">.ad\u0131m<\/div><\/div><div class=\"step-title\">\u0130htiya\u00e7 &amp; Hat Analizi<\/div><div class=\"step-description\">G\u00f6nderi bilgilerini al\u0131r, g\u00fczerg\u00e2h ve ta\u015f\u0131ma modu alternatiflerini \u00e7\u0131kar\u0131r\u0131z.\n<\/div><\/div><div class=\"step-item slider-item\"><div class=\"step-number-wrapper\"><div class=\"step-number\">02<\/div><div class=\"step-number-label step-number-label-direction-vertical\">.ad\u0131m<\/div><\/div><div class=\"step-title\">Teklif &amp; Planlama<\/div><div class=\"step-description\">Navlun + transit se\u00e7eneklerini iletir; Incoterms ve evrak gerekliliklerini netleriz.\n<\/div><\/div><div class=\"step-item slider-item\"><div class=\"step-number-wrapper\"><div class=\"step-number\">03<\/div><div class=\"step-number-label step-number-label-direction-vertical\">.ad\u0131m<\/div><\/div><div class=\"step-title\">Rezervasyon &amp; Operasyon<\/div><div class=\"step-description\">Sa\u011flay\u0131c\u0131 koordinasyonu, y\u00fckleme ve ta\u015f\u0131ma s\u00fcrecini tek muhatap olarak y\u00fcr\u00fct\u00fcr; EN\/DE yaz\u0131\u015fmalar\u0131 biz y\u00f6netiriz.<\/div><\/div><div class=\"step-item slider-item\"><div class=\"step-number-wrapper\"><div class=\"step-number\">04<\/div><div class=\"step-number-label step-number-label-direction-vertical\">.ad\u0131m<\/div><\/div><div class=\"step-title\"> Teslim &amp; Kapan\u0131\u015f<\/div><div class=\"step-description\">Teslim teyidi, evrak payla\u015f\u0131m\u0131 ve raporlama; faturalama sonras\u0131 geri bildirimle s\u00fcreci kapat\u0131r\u0131z.\n<\/div><\/div>            <\/div>\n\n            \n        <\/div>\n\n        \t\t\t\t<\/div>\n\t\t\t\t<\/div>\n\t\t\t\t<\/div>\n\t\t\t\t\t<\/div>\n\t\t\t\t<\/div>\n\t\t\t\t<\/div>\n\t\t","protected":false},"excerpt":{"rendered":"<p>Avrupa, Balkanlar, Kafkasya, Orta Asya, Orta Do\u011fu ve K\u0131br\u0131s hatlar\u0131nda FTL\/LTL; kap\u0131dan kap\u0131ya takip. FCL\/LCL se\u00e7enekleri; hat\u2013transit\u2013ekipman alternatifleriyle do\u011fru s\u00fcre\u2013fiyat dengesi. Zaman kritik g\u00f6nderiler i\u00e7in h\u0131zl\u0131 planlama, esnek seferler ve A\u2019dan Z\u2019ye bilgilendirme.<\/p>\n","protected":false},"author":1,"featured_media":0,"parent":0,"menu_order":0,"comment_status":"closed","ping_status":"closed","template":"","meta":{"footnotes":""},"class_list":["post-84","page","type-page","status-publish","hentry"],"_links":{"self":[{"href":"https:\/\/peralojistik.com\/index.php\/wp-json\/wp\/v2\/pages\/84","targetHints":{"allow":["GET"]}}],"collection":[{"href":"https:\/\/peralojistik.com\/index.php\/wp-json\/wp\/v2\/pages"}],"about":[{"href":"https:\/\/peralojistik.com\/index.php\/wp-json\/wp\/v2\/types\/page"}],"author":[{"embeddable":true,"href":"https:\/\/peralojistik.com\/index.php\/wp-json\/wp\/v2\/users\/1"}],"replies":[{"embeddable":true,"href":"https:\/\/peralojistik.com\/index.php\/wp-json\/wp\/v2\/comments?post=84"}],"version-history":[{"count":20,"href":"https:\/\/peralojistik.com\/index.php\/wp-json\/wp\/v2\/pages\/84\/revisions"}],"predecessor-version":[{"id":10821,"href":"https:\/\/peralojistik.com\/index.php\/wp-json\/wp\/v2\/pages\/84\/revisions\/10821"}],"wp:attachment":[{"href":"https:\/\/peralojistik.com\/index.php\/wp-json\/wp\/v2\/media?parent=84"}],"curies":[{"name":"wp","href":"https:\/\/api.w.org\/{rel}","templated":true}]}}