{"id":82,"date":"2024-02-28T00:23:35","date_gmt":"2024-02-28T00:23:35","guid":{"rendered":"https:\/\/demo.artureanec.com\/themes\/logico-rounded\/?page_id=82"},"modified":"2025-10-02T10:23:36","modified_gmt":"2025-10-02T10:23:36","slug":"hakkimizda","status":"publish","type":"page","link":"https:\/\/peralojistik.com\/index.php\/hakkimizda\/","title":{"rendered":"Hakk\u0131m\u0131zda"},"content":{"rendered":"\t\t<div data-elementor-type=\"wp-page\" data-elementor-id=\"82\" class=\"elementor elementor-82\">\n\t\t\t\t<div class=\"elementor-element elementor-element-916fa7f e-flex e-con-boxed cut-corner-no sticky-container-off e-con e-parent\" data-id=\"916fa7f\" data-element_type=\"container\" data-e-type=\"container\">\n\t\t\t\t\t<div class=\"e-con-inner\">\n\t\t<div class=\"elementor-element elementor-element-fc0346e e-con-full e-flex cut-corner-no sticky-container-off e-con e-child\" data-id=\"fc0346e\" data-element_type=\"container\" data-e-type=\"container\">\n\t\t\t\t<div class=\"elementor-element elementor-element-40e18ee elementor-widget__width-initial elementor-widget elementor-widget-counter\" data-id=\"40e18ee\" data-element_type=\"widget\" data-e-type=\"widget\" data-widget_type=\"counter.default\">\n\t\t\t\t\t\t\t<div class=\"elementor-counter\">\n\t\t\t\t\t\t<div class=\"elementor-counter-number-wrapper\">\n\t\t\t\t<span class=\"elementor-counter-number-prefix\"><\/span>\n\t\t\t\t<span class=\"elementor-counter-number\" data-duration=\"2000\" data-to-value=\"1989\" data-from-value=\"1000\" data-delimiter=\" \">1000<\/span>\n\t\t\t\t<span class=\"elementor-counter-number-suffix\"><\/span>\n\t\t\t<\/div>\n\t\t<\/div>\n\t\t\t\t\t\t<\/div>\n\t\t\t\t<div class=\"elementor-element elementor-element-514ae7d elementor-widget__width-initial e-transform e-transform elementor-widget elementor-widget-logico_heading\" data-id=\"514ae7d\" data-element_type=\"widget\" data-e-type=\"widget\" data-settings=\"{&quot;_transform_rotateZ_effect&quot;:{&quot;unit&quot;:&quot;px&quot;,&quot;size&quot;:-90,&quot;sizes&quot;:[]},&quot;_transform_translateX_effect&quot;:{&quot;unit&quot;:&quot;%&quot;,&quot;size&quot;:&quot;&quot;,&quot;sizes&quot;:[]},&quot;_transform_translateX_effect_laptop&quot;:{&quot;unit&quot;:&quot;%&quot;,&quot;size&quot;:&quot;&quot;,&quot;sizes&quot;:[]},&quot;_transform_translateX_effect_tablet_extra&quot;:{&quot;unit&quot;:&quot;%&quot;,&quot;size&quot;:&quot;&quot;,&quot;sizes&quot;:[]},&quot;_transform_translateX_effect_tablet&quot;:{&quot;unit&quot;:&quot;%&quot;,&quot;size&quot;:&quot;&quot;,&quot;sizes&quot;:[]},&quot;_transform_translateX_effect_mobile_extra&quot;:{&quot;unit&quot;:&quot;%&quot;,&quot;size&quot;:&quot;&quot;,&quot;sizes&quot;:[]},&quot;_transform_translateX_effect_mobile&quot;:{&quot;unit&quot;:&quot;%&quot;,&quot;size&quot;:&quot;&quot;,&quot;sizes&quot;:[]},&quot;_transform_translateY_effect&quot;:{&quot;unit&quot;:&quot;%&quot;,&quot;size&quot;:20,&quot;sizes&quot;:[]},&quot;_transform_translateY_effect_laptop&quot;:{&quot;unit&quot;:&quot;%&quot;,&quot;size&quot;:&quot;&quot;,&quot;sizes&quot;:[]},&quot;_transform_translateY_effect_tablet_extra&quot;:{&quot;unit&quot;:&quot;%&quot;,&quot;size&quot;:&quot;&quot;,&quot;sizes&quot;:[]},&quot;_transform_translateY_effect_tablet&quot;:{&quot;unit&quot;:&quot;%&quot;,&quot;size&quot;:&quot;&quot;,&quot;sizes&quot;:[]},&quot;_transform_translateY_effect_mobile_extra&quot;:{&quot;unit&quot;:&quot;%&quot;,&quot;size&quot;:&quot;&quot;,&quot;sizes&quot;:[]},&quot;_transform_translateY_effect_mobile&quot;:{&quot;unit&quot;:&quot;%&quot;,&quot;size&quot;:&quot;&quot;,&quot;sizes&quot;:[]},&quot;_transform_rotateZ_effect_tablet&quot;:{&quot;unit&quot;:&quot;deg&quot;,&quot;size&quot;:0,&quot;sizes&quot;:[]},&quot;_transform_rotateZ_effect_laptop&quot;:{&quot;unit&quot;:&quot;deg&quot;,&quot;size&quot;:&quot;&quot;,&quot;sizes&quot;:[]},&quot;_transform_rotateZ_effect_tablet_extra&quot;:{&quot;unit&quot;:&quot;deg&quot;,&quot;size&quot;:&quot;&quot;,&quot;sizes&quot;:[]},&quot;_transform_rotateZ_effect_mobile_extra&quot;:{&quot;unit&quot;:&quot;deg&quot;,&quot;size&quot;:&quot;&quot;,&quot;sizes&quot;:[]},&quot;_transform_rotateZ_effect_mobile&quot;:{&quot;unit&quot;:&quot;deg&quot;,&quot;size&quot;:&quot;&quot;,&quot;sizes&quot;:[]}}\" data-widget_type=\"logico_heading.default\">\n\t\t\t\t<div class=\"elementor-widget-container\">\n\t\t\t\t\t<div class=\"logico-title\">'dan beri sizinleyiz\n<\/div>\t\t\t\t<\/div>\n\t\t\t\t<\/div>\n\t\t\t\t<\/div>\n\t\t\t\t\t<\/div>\n\t\t\t\t<\/div>\n\t\t<div class=\"elementor-element elementor-element-22e120c e-flex e-con-boxed cut-corner-no sticky-container-off e-con e-parent\" data-id=\"22e120c\" data-element_type=\"container\" data-e-type=\"container\">\n\t\t\t\t\t<div class=\"e-con-inner\">\n\t\t<div class=\"elementor-element elementor-element-d5d2657 e-con-full e-grid cut-corner-no sticky-container-off e-con e-child\" data-id=\"d5d2657\" data-element_type=\"container\" data-e-type=\"container\">\n\t\t\t\t<div class=\"elementor-element elementor-element-f3651a4 elementor-invisible elementor-widget elementor-widget-logico_heading\" data-id=\"f3651a4\" data-element_type=\"widget\" data-e-type=\"widget\" data-settings=\"{&quot;_animation&quot;:&quot;logico_heading_animation&quot;}\" data-widget_type=\"logico_heading.default\">\n\t\t\t\t<div class=\"elementor-widget-container\">\n\t\t\t\t\t<h3 class=\"logico-title\">20+ YILDIR U\u00c7TAN UCA LOJ\u0130ST\u0130K\n<\/h3>\t\t\t\t<\/div>\n\t\t\t\t<\/div>\n\t\t\t\t<div class=\"elementor-element elementor-element-cd2557c elementor-widget elementor-widget-text-editor\" data-id=\"cd2557c\" data-element_type=\"widget\" data-e-type=\"widget\" data-widget_type=\"text-editor.default\">\n\t\t\t\t\t\t\t\t\t<p class=\"p1\"><b>Kimiz?<\/b><\/p><p class=\"p1\"><b><\/b>1989\u2019da ba\u015flayan uluslararas\u0131 nakliye birikimimizi 2003\u2019te Pera Lojistik \u00e7at\u0131s\u0131 alt\u0131nda toplad\u0131k. Forwarder\/organizasyon yakla\u015f\u0131m\u0131yla birden \u00e7ok hatt\u0131 tarar, ihtiya\u00e7 i\u00e7in en do\u011fru <span class=\"s1\"><b>s\u00fcre\u2013fiyat dengesini<\/b><\/span> kurar, operasyonu <span class=\"s1\"><b>tek muhatap<\/b><\/span> olarak y\u00f6netiriz. Yurtd\u0131\u015f\u0131 yaz\u0131\u015fmalar\u0131 <span class=\"s1\"><b>\u0130ngilizce ve Almanca<\/b><\/span> y\u00fcr\u00fct\u00fcl\u00fcr.<\/p><p class=\"p1\"><b>Nas\u0131l \u00e7al\u0131\u015f\u0131r\u0131z?<\/b><b><\/b><\/p><p class=\"p2\">Ger\u00e7ekleri saklamay\u0131z; olumlu\/olumsuz t\u00fcm geli\u015fmeleri <span class=\"s1\"><b>aynen ve zaman\u0131nda<\/b><\/span> payla\u015f\u0131r\u0131z. Tutamayaca\u011f\u0131m\u0131z s\u00f6z\u00fc vermeyiz; \u00f6nce <span class=\"s1\"><b>i\u015fin lay\u0131k\u0131yla yap\u0131lmas\u0131<\/b><\/span>, sonra fiyat gelir. Rezervasyondan teslimata <span class=\"s1\"><b>A\u2019dan Z\u2019ye<\/b><\/span> \u015feffaf takip ve d\u00fczenli bilgilendirme sunar\u0131z.<\/p><p class=\"p1\"><b>Yetkinlik &amp; Kapsam<\/b><b><\/b><\/p><p class=\"p2\"><span class=\"s1\"><b>R2 yetki belgesi<\/b><\/span> kapsam\u0131nda mevzuata tam uyumla \u00e7al\u0131\u015f\u0131r\u0131z. Kara, deniz ve hava ta\u015f\u0131mac\u0131l\u0131\u011f\u0131nda <span class=\"s1\"><b>komple (FTL\/FCL)<\/b><\/span> ve <span class=\"s1\"><b>parsiyel (LTL\/LCL)<\/b><\/span> \u00e7\u00f6z\u00fcmler; Avrupa, Birle\u015fik Krall\u0131k\/\u0130rlanda, Balkanlar, Kafkasya, Orta Asya, Orta Do\u011fu ve K\u0131br\u0131s\u2019a d\u00fczenli ba\u011flant\u0131larla hizmet veririz.<\/p>\t\t\t\t\t\t\t\t<\/div>\n\t\t\t\t<\/div>\n\t\t\t\t\t<\/div>\n\t\t\t\t<\/div>\n\t\t<div class=\"elementor-element elementor-element-3d83330 e-con-full e-flex cut-corner-no sticky-container-off e-con e-parent\" data-id=\"3d83330\" data-element_type=\"container\" data-e-type=\"container\">\n\t\t<div class=\"elementor-element elementor-element-d7c6ab3 e-con-full e-flex cut-corner-no sticky-container-off e-con e-child\" data-id=\"d7c6ab3\" data-element_type=\"container\" data-e-type=\"container\">\n\t\t\t\t<div class=\"elementor-element elementor-element-436e0c6 elementor-widget elementor-widget-logico_marquee\" data-id=\"436e0c6\" data-element_type=\"widget\" data-e-type=\"widget\" data-widget_type=\"logico_marquee.default\">\n\t\t\t\t<div class=\"elementor-widget-container\">\n\t\t\t\t\t<div class=\"logico-ticker-wrapper\" data-speed=\"12\" data-direction=\"left\"><div class=\"ticker\"><span class=\"ticker-text\"><span style=\"color:#fac12e;font-weight:600\">Havayolu<\/span><span style=\"color:#000\"> \u2022 <\/span>\n<span style=\"color:#000;font-weight:600\">Denizyolu<\/span><span style=\"color:#000\"> \u2022 <\/span>\n<span style=\"color:#fac12e;font-weight:600\">Parsiyel<\/span><span style=\"color:#000\"> \u2022 <\/span>\n<span style=\"color:#000;font-weight:600\">Karayolu<\/span><span style=\"color:#000\"> \u2022 <\/span>\n<span style=\"color:#fac12e;font-weight:600\">\u0130hracat<\/span><span style=\"color:#000\"> \u2022 <\/span>\n<span style=\"color:#000;font-weight:600\">\u0130thalat<\/span><\/span><span class=\"separator\"><i class=\"fontello icon-half-logo\"><\/i><\/span><\/div><\/div>\t\t\t\t<\/div>\n\t\t\t\t<\/div>\n\t\t\t\t<\/div>\n\t\t\t\t<\/div>\n\t\t<div class=\"elementor-element elementor-element-a5ef23a e-flex e-con-boxed cut-corner-no sticky-container-off e-con e-parent\" data-id=\"a5ef23a\" data-element_type=\"container\" data-e-type=\"container\">\n\t\t\t\t\t<div class=\"e-con-inner\">\n\t\t<div class=\"elementor-element elementor-element-0cf7058 e-con-full e-flex cut-corner-no sticky-container-off e-con e-child\" data-id=\"0cf7058\" data-element_type=\"container\" data-e-type=\"container\">\n\t\t\t\t<div class=\"elementor-element elementor-element-85560ed elementor-widget elementor-widget-logico_heading\" data-id=\"85560ed\" data-element_type=\"widget\" data-e-type=\"widget\" data-widget_type=\"logico_heading.default\">\n\t\t\t\t<div class=\"elementor-widget-container\">\n\t\t\t\t\t<div class=\"logico-title\">\/ Ge\u00e7mi\u015fimiz \/\n<\/div>\t\t\t\t<\/div>\n\t\t\t\t<\/div>\n\t\t\t\t<div class=\"elementor-element elementor-element-48afe6d elementor-widget__width-initial elementor-invisible elementor-widget elementor-widget-logico_heading\" data-id=\"48afe6d\" data-element_type=\"widget\" data-e-type=\"widget\" data-settings=\"{&quot;_animation&quot;:&quot;logico_heading_animation&quot;}\" data-widget_type=\"logico_heading.default\">\n\t\t\t\t<div class=\"elementor-widget-container\">\n\t\t\t\t\t<h3 class=\"logico-title\">Pera Lojistik\n<\/h3>\t\t\t\t<\/div>\n\t\t\t\t<\/div>\n\t\t\t\t<div class=\"elementor-element elementor-element-b821fca elementor-widget elementor-widget-logico_timeline\" data-id=\"b821fca\" data-element_type=\"widget\" data-e-type=\"widget\" data-widget_type=\"logico_timeline.default\">\n\t\t\t\t<div class=\"elementor-widget-container\">\n\t\t\t\t\t\n        <div class=\"logico-timeline-widget\">\n\n            <div class=\"custom-cursor-drag\"><\/div>\n            \n            <div class=\"timeline-slider owl-carousel owl-theme custom-cursor-enable show-inactive-items\" data-slider-options=\"{&quot;autoHeight&quot;:false,&quot;items&quot;:2,&quot;itemsWidescreen&quot;:2,&quot;itemsLaptop&quot;:2,&quot;itemsTabletExtra&quot;:2,&quot;itemsTablet&quot;:1,&quot;itemsMobileExtra&quot;:1,&quot;itemsMobile&quot;:1,&quot;nav&quot;:false,&quot;dots&quot;:true,&quot;progress&quot;:true,&quot;autoplayHoverPause&quot;:false,&quot;autoplay&quot;:false,&quot;autoplaySpeed&quot;:300,&quot;autoplayTimeout&quot;:5000,&quot;loop&quot;:false,&quot;dragEndSpeed&quot;:500,&quot;navSpeed&quot;:500,&quot;dotsSpeed&quot;:500,&quot;dotsContainer&quot;:&quot;.owl-dots-b821fca&quot;,&quot;rtl&quot;:false}\">\n                <div class=\"timeline-item slider-item\"><div class=\"timeline-period\">1989 - 2006<\/div><div class=\"timeline-title\">Kurulu\u015f &amp; Yap\u0131lanma<\/div><div class=\"timeline-description\">1989\u20132003 birikimini Pera Lojistik\u2019e aktard\u0131k. Forwarder\/organizasyon yakla\u015f\u0131m\u0131yla \u00e7oklu hatt\u0131 tarayan, tek muhatap ve \u015feffaf i\u015fleyi\u015fi standarda ba\u011flad\u0131k. Kara\u2013deniz\u2013hava modlar\u0131nda temel operasyonlar\u0131m\u0131z\u0131 kurduk.<\/div><\/div><div class=\"timeline-item slider-item\"><div class=\"timeline-period\">2006\u20132011<\/div><div class=\"timeline-title\">R2 Yetki D\u00f6nemi<\/div><div class=\"timeline-description\">Karde\u015f kurulu\u015f \u00fczerinden R2 yetki belgesi ile mevzuata tam uyumlu \u00e7al\u0131\u015ft\u0131k. S\u00fcre\u00e7, evrak ve sa\u011flay\u0131c\u0131 standartlar\u0131n\u0131 netle\u015ftirdik; ilk 5 y\u0131ll\u0131k d\u00f6nem 19.10.2011\u2019de tamamland\u0131 ve yenileme haz\u0131rl\u0131klar\u0131 ba\u015flat\u0131ld\u0131.<\/div><\/div>            <\/div>\n\n            <div class=\"slider-footer slider-footer-view-outside slider-footer-position-after slider-footer-width-full\"><div class=\"slider-footer-content\"><div class=\"slider-pagination\"><div class=\"slider-progress-wrapper\"><span class=\"slider-progress-current\">01<\/span> \/<span class=\"slider-progress-all\">01<\/span><\/div><div class=\"owl-dots owl-dots-b821fca\"><\/div><\/div><\/div><\/div>\n        <\/div>\n\n        \t\t\t\t<\/div>\n\t\t\t\t<\/div>\n\t\t\t\t<\/div>\n\t\t\t\t\t<\/div>\n\t\t\t\t<\/div>\n\t\t<div class=\"elementor-element elementor-element-f72235b e-con-full e-flex cut-corner-no sticky-container-off e-con e-parent\" data-id=\"f72235b\" data-element_type=\"container\" data-e-type=\"container\">\n\t\t<div class=\"elementor-element elementor-element-75f6be6 e-con-full e-flex cut-corner-no sticky-container-off e-con e-child\" data-id=\"75f6be6\" data-element_type=\"container\" data-e-type=\"container\" data-settings=\"{&quot;background_background&quot;:&quot;classic&quot;}\">\n\t\t\t\t<div class=\"elementor-element elementor-element-3116bff elementor-widget__width-initial elementor-invisible elementor-widget elementor-widget-logico_heading\" data-id=\"3116bff\" data-element_type=\"widget\" data-e-type=\"widget\" data-settings=\"{&quot;_animation&quot;:&quot;logico_heading_animation&quot;}\" data-widget_type=\"logico_heading.default\">\n\t\t\t\t<div class=\"elementor-widget-container\">\n\t\t\t\t\t<h4 class=\"logico-title\">G\u00fcvenilir, verimli ve kesintisiz ta\u015f\u0131mac\u0131l\u0131k \u00e7\u00f6z\u00fcmleri\n<\/h4>\t\t\t\t<\/div>\n\t\t\t\t<\/div>\n\t\t\t\t<\/div>\n\t\t\t\t<\/div>\n\t\t<div class=\"elementor-element elementor-element-577e142 e-flex e-con-boxed cut-corner-no sticky-container-off e-con e-parent\" data-id=\"577e142\" data-element_type=\"container\" data-e-type=\"container\" data-settings=\"{&quot;background_background&quot;:&quot;classic&quot;}\">\n\t\t\t\t\t<div class=\"e-con-inner\">\n\t\t<div class=\"elementor-element elementor-element-3b79620 e-con-full e-grid cut-corner-no sticky-container-off e-con e-child\" data-id=\"3b79620\" data-element_type=\"container\" data-e-type=\"container\">\n\t\t\t\t<div class=\"elementor-element elementor-element-93eb06f elementor-widget elementor-widget-counter\" data-id=\"93eb06f\" data-element_type=\"widget\" data-e-type=\"widget\" data-widget_type=\"counter.default\">\n\t\t\t\t\t\t\t<div class=\"elementor-counter\">\n\t\t\t<div class=\"elementor-counter-title\">R2 Yetki Ba\u015flang\u0131c\u0131<\/div>\t\t\t<div class=\"elementor-counter-number-wrapper\">\n\t\t\t\t<span class=\"elementor-counter-number-prefix\"><\/span>\n\t\t\t\t<span class=\"elementor-counter-number\" data-duration=\"2000\" data-to-value=\"2006\" data-from-value=\"1989\" data-delimiter=\" \">1989<\/span>\n\t\t\t\t<span class=\"elementor-counter-number-suffix\"><\/span>\n\t\t\t<\/div>\n\t\t<\/div>\n\t\t\t\t\t\t<\/div>\n\t\t\t\t<div class=\"elementor-element elementor-element-e688ebb elementor-widget elementor-widget-counter\" data-id=\"e688ebb\" data-element_type=\"widget\" data-e-type=\"widget\" data-widget_type=\"counter.default\">\n\t\t\t\t\t\t\t<div class=\"elementor-counter\">\n\t\t\t<div class=\"elementor-counter-title\">Ta\u015f\u0131nan Y\u00fck<\/div>\t\t\t<div class=\"elementor-counter-number-wrapper\">\n\t\t\t\t<span class=\"elementor-counter-number-prefix\">2.<\/span>\n\t\t\t\t<span class=\"elementor-counter-number\" data-duration=\"2000\" data-to-value=\"6\" data-from-value=\"1\" data-delimiter=\".\">1<\/span>\n\t\t\t\t<span class=\"elementor-counter-number-suffix\">ton<\/span>\n\t\t\t<\/div>\n\t\t<\/div>\n\t\t\t\t\t\t<\/div>\n\t\t\t\t<div class=\"elementor-element elementor-element-83a0b98 elementor-widget elementor-widget-counter\" data-id=\"83a0b98\" data-element_type=\"widget\" data-e-type=\"widget\" data-widget_type=\"counter.default\">\n\t\t\t\t\t\t\t<div class=\"elementor-counter\">\n\t\t\t<div class=\"elementor-counter-title\">Hizmet Verilen \u00dclke<\/div>\t\t\t<div class=\"elementor-counter-number-wrapper\">\n\t\t\t\t<span class=\"elementor-counter-number-prefix\"><\/span>\n\t\t\t\t<span class=\"elementor-counter-number\" data-duration=\"2000\" data-to-value=\"47\" data-from-value=\"10\" data-delimiter=\".\">10<\/span>\n\t\t\t\t<span class=\"elementor-counter-number-suffix\">+<\/span>\n\t\t\t<\/div>\n\t\t<\/div>\n\t\t\t\t\t\t<\/div>\n\t\t\t\t<div class=\"elementor-element elementor-element-e4df369 elementor-widget elementor-widget-counter\" data-id=\"e4df369\" data-element_type=\"widget\" data-e-type=\"widget\" data-widget_type=\"counter.default\">\n\t\t\t\t\t\t\t<div class=\"elementor-counter\">\n\t\t\t<div class=\"elementor-counter-title\">Depolar<\/div>\t\t\t<div class=\"elementor-counter-number-wrapper\">\n\t\t\t\t<span class=\"elementor-counter-number-prefix\"><\/span>\n\t\t\t\t<span class=\"elementor-counter-number\" data-duration=\"2000\" data-to-value=\"550\" data-from-value=\"100\" data-delimiter=\".\">100<\/span>\n\t\t\t\t<span class=\"elementor-counter-number-suffix\">+<\/span>\n\t\t\t<\/div>\n\t\t<\/div>\n\t\t\t\t\t\t<\/div>\n\t\t\t\t<\/div>\n\t\t\t\t\t<\/div>\n\t\t\t\t<\/div>\n\t\t\t\t<\/div>\n\t\t","protected":false},"excerpt":{"rendered":"<p>1000 Kimiz? 1989\u2019da ba\u015flayan uluslararas\u0131 nakliye birikimimizi 2003\u2019te Pera Lojistik \u00e7at\u0131s\u0131 alt\u0131nda toplad\u0131k. Forwarder\/organizasyon yakla\u015f\u0131m\u0131yla birden \u00e7ok hatt\u0131 tarar, ihtiya\u00e7 i\u00e7in en do\u011fru s\u00fcre\u2013fiyat dengesini kurar, operasyonu tek muhatap olarak y\u00f6netiriz. Yurtd\u0131\u015f\u0131 yaz\u0131\u015fmalar\u0131 \u0130ngilizce ve Almanca y\u00fcr\u00fct\u00fcl\u00fcr. Nas\u0131l \u00e7al\u0131\u015f\u0131r\u0131z? Ger\u00e7ekleri saklamay\u0131z;&#8230;<\/p>\n","protected":false},"author":1,"featured_media":10688,"parent":0,"menu_order":0,"comment_status":"closed","ping_status":"closed","template":"","meta":{"footnotes":""},"class_list":["post-82","page","type-page","status-publish","has-post-thumbnail","hentry"],"_links":{"self":[{"href":"https:\/\/peralojistik.com\/index.php\/wp-json\/wp\/v2\/pages\/82","targetHints":{"allow":["GET"]}}],"collection":[{"href":"https:\/\/peralojistik.com\/index.php\/wp-json\/wp\/v2\/pages"}],"about":[{"href":"https:\/\/peralojistik.com\/index.php\/wp-json\/wp\/v2\/types\/page"}],"author":[{"embeddable":true,"href":"https:\/\/peralojistik.com\/index.php\/wp-json\/wp\/v2\/users\/1"}],"replies":[{"embeddable":true,"href":"https:\/\/peralojistik.com\/index.php\/wp-json\/wp\/v2\/comments?post=82"}],"version-history":[{"count":14,"href":"https:\/\/peralojistik.com\/index.php\/wp-json\/wp\/v2\/pages\/82\/revisions"}],"predecessor-version":[{"id":10687,"href":"https:\/\/peralojistik.com\/index.php\/wp-json\/wp\/v2\/pages\/82\/revisions\/10687"}],"wp:featuredmedia":[{"embeddable":true,"href":"https:\/\/peralojistik.com\/index.php\/wp-json\/wp\/v2\/media\/10688"}],"wp:attachment":[{"href":"https:\/\/peralojistik.com\/index.php\/wp-json\/wp\/v2\/media?parent=82"}],"curies":[{"name":"wp","href":"https:\/\/api.w.org\/{rel}","templated":true}]}}