{"id":3508,"date":"2024-08-29T13:15:37","date_gmt":"2024-08-29T13:15:37","guid":{"rendered":"https:\/\/demo.artureanec.com\/themes\/logico-rounded\/?page_id=3508"},"modified":"2025-10-02T16:15:56","modified_gmt":"2025-10-02T16:15:56","slug":"denizyolu-tasimaciligi","status":"publish","type":"page","link":"https:\/\/peralojistik.com\/index.php\/hizmetlerimiz\/denizyolu-tasimaciligi\/","title":{"rendered":"Denizyolu Ta\u015f\u0131mac\u0131l\u0131\u011f\u0131"},"content":{"rendered":"\t\t<div data-elementor-type=\"wp-page\" data-elementor-id=\"3508\" class=\"elementor elementor-3508\">\n\t\t\t\t<div class=\"elementor-element elementor-element-442eede e-flex e-con-boxed cut-corner-no sticky-container-off e-con e-parent\" data-id=\"442eede\" data-element_type=\"container\" data-e-type=\"container\">\n\t\t\t\t\t<div class=\"e-con-inner\">\n\t\t<div class=\"elementor-element elementor-element-a1b58a4 e-con-full e-flex cut-corner-no sticky-container-off e-con e-child\" data-id=\"a1b58a4\" data-element_type=\"container\" data-e-type=\"container\">\n\t\t\t\t<div class=\"elementor-element elementor-element-c8e7c25 elementor-widget__width-initial elementor-invisible elementor-widget elementor-widget-logico_heading\" data-id=\"c8e7c25\" data-element_type=\"widget\" data-e-type=\"widget\" data-settings=\"{&quot;_animation&quot;:&quot;logico_heading_animation&quot;}\" data-widget_type=\"logico_heading.default\">\n\t\t\t\t<div class=\"elementor-widget-container\">\n\t\t\t\t\t<h3 class=\"logico-title\">Denizyolu Ta\u015f\u0131mac\u0131l\u0131\u011f\u0131\n<\/h3>\t\t\t\t<\/div>\n\t\t\t\t<\/div>\n\t\t\t\t<div class=\"elementor-element elementor-element-ea07fb0 elementor-widget elementor-widget-text-editor\" data-id=\"ea07fb0\" data-element_type=\"widget\" data-e-type=\"widget\" data-widget_type=\"text-editor.default\">\n\t\t\t\t\t\t\t\t\t<p class=\"p1\">FCL\/LCL konteyner se\u00e7enekleriyle <span class=\"s1\"><b>hat\u2013transit\u2013ekipman<\/b><\/span> alternatiflerini tarar, size en do\u011fru <span class=\"s1\"><b>s\u00fcre\u2013fiyat dengesini<\/b><\/span> sunar\u0131z. Operasyonu <span class=\"s1\"><b>A\u2019dan Z\u2019ye tek muhatap<\/b><\/span> olarak y\u00f6netir; EN\/DE yaz\u0131\u015fmalar\u0131 biz y\u00fcr\u00fct\u00fcr\u00fcz. <i>(R2 uyumu.)<\/i><i><\/i><\/p>\t\t\t\t\t\t\t\t<\/div>\n\t\t\t\t<div class=\"elementor-element elementor-element-09db825 elementor-widget elementor-widget-image\" data-id=\"09db825\" data-element_type=\"widget\" data-e-type=\"widget\" data-widget_type=\"image.default\">\n\t\t\t\t\t\t\t\t\t\t\t\t\t\t\t<img fetchpriority=\"high\" decoding=\"async\" width=\"1806\" height=\"531\" src=\"https:\/\/peralojistik.com\/wp-content\/uploads\/2025\/10\/denizyolu-tasimaciligi.webp\" class=\"attachment-full size-full wp-image-10789\" alt=\"\" \/>\t\t\t\t\t\t\t\t\t\t\t\t\t\t\t<\/div>\n\t\t\t\t<\/div>\n\t\t\t\t\t<\/div>\n\t\t\t\t<\/div>\n\t\t<div class=\"elementor-element elementor-element-b8da0f5 e-flex e-con-boxed cut-corner-no sticky-container-off e-con e-parent\" data-id=\"b8da0f5\" data-element_type=\"container\" data-e-type=\"container\">\n\t\t\t\t\t<div class=\"e-con-inner\">\n\t\t<div class=\"elementor-element elementor-element-89d7623 e-con-full e-flex cut-corner-no sticky-container-off e-con e-child\" data-id=\"89d7623\" data-element_type=\"container\" data-e-type=\"container\">\n\t\t\t\t<div class=\"elementor-element elementor-element-54d05ac elementor-invisible elementor-widget elementor-widget-logico_heading\" data-id=\"54d05ac\" data-element_type=\"widget\" data-e-type=\"widget\" data-settings=\"{&quot;_animation&quot;:&quot;logico_heading_animation&quot;}\" data-widget_type=\"logico_heading.default\">\n\t\t\t\t<div class=\"elementor-widget-container\">\n\t\t\t\t\t<h3 class=\"logico-title\">Nas\u0131l \u00c7al\u0131\u015f\u0131r?\n<\/h3>\t\t\t\t<\/div>\n\t\t\t\t<\/div>\n\t\t\t\t<div class=\"elementor-element elementor-element-155d377 elementor-widget elementor-widget-accordion\" data-id=\"155d377\" data-element_type=\"widget\" data-e-type=\"widget\" data-widget_type=\"accordion.default\">\n\t\t\t\t\t\t\t<div class=\"elementor-accordion\">\n\t\t\t\t\t\t\t<div class=\"elementor-accordion-item\">\n\t\t\t\t\t<div id=\"elementor-tab-title-2241\" class=\"elementor-tab-title\" data-tab=\"1\" role=\"button\" aria-controls=\"elementor-tab-content-2241\" aria-expanded=\"false\">\n\t\t\t\t\t\t\t\t\t\t\t\t\t<span class=\"elementor-accordion-icon elementor-accordion-icon-right\" aria-hidden=\"true\">\n\t\t\t\t\t\t\t\t\t\t\t\t\t\t\t<span class=\"elementor-accordion-icon-closed\"><i class=\"fontello icon-arrow-x-r-down\"><\/i><\/span>\n\t\t\t\t\t\t\t\t<span class=\"elementor-accordion-icon-opened\"><i class=\"fontello icon-arrow-x-r-top\"><\/i><\/span>\n\t\t\t\t\t\t\t\t\t\t\t\t\t\t<\/span>\n\t\t\t\t\t\t\t\t\t\t\t\t<a class=\"elementor-accordion-title\" tabindex=\"0\">01. Hat & Ekipman Plan\u0131<\/a>\n\t\t\t\t\t<\/div>\n\t\t\t\t\t<div id=\"elementor-tab-content-2241\" class=\"elementor-tab-content elementor-clearfix\" data-tab=\"1\" role=\"region\" aria-labelledby=\"elementor-tab-title-2241\"><p class=\"p1\">Y\u00fck tipine g\u00f6re <span class=\"s1\"><b>20\u2019\/40\u2019 DC\/HC, Open Top, Flat Rack<\/b><\/span> vb. ekipman\u0131 \u00f6nerir; liman\u2013aktarma alternatiflerini ve ETA\u2019y\u0131 netleriz.<\/p><\/div>\n\t\t\t\t<\/div>\n\t\t\t\t\t\t\t<div class=\"elementor-accordion-item\">\n\t\t\t\t\t<div id=\"elementor-tab-title-2242\" class=\"elementor-tab-title\" data-tab=\"2\" role=\"button\" aria-controls=\"elementor-tab-content-2242\" aria-expanded=\"false\">\n\t\t\t\t\t\t\t\t\t\t\t\t\t<span class=\"elementor-accordion-icon elementor-accordion-icon-right\" aria-hidden=\"true\">\n\t\t\t\t\t\t\t\t\t\t\t\t\t\t\t<span class=\"elementor-accordion-icon-closed\"><i class=\"fontello icon-arrow-x-r-down\"><\/i><\/span>\n\t\t\t\t\t\t\t\t<span class=\"elementor-accordion-icon-opened\"><i class=\"fontello icon-arrow-x-r-top\"><\/i><\/span>\n\t\t\t\t\t\t\t\t\t\t\t\t\t\t<\/span>\n\t\t\t\t\t\t\t\t\t\t\t\t<a class=\"elementor-accordion-title\" tabindex=\"0\">02. \u015eeffaf Teklif<\/a>\n\t\t\t\t\t<\/div>\n\t\t\t\t\t<div id=\"elementor-tab-content-2242\" class=\"elementor-tab-content elementor-clearfix\" data-tab=\"2\" role=\"region\" aria-labelledby=\"elementor-tab-title-2242\"><p class=\"p1\">Navlun, <span class=\"s1\"><b>THC\/BS\/BL<\/b><\/span> vb. masraflar\u0131 kalem kalem g\u00f6steririz; FCL ve <span class=\"s1\"><b>konsolide LCL<\/b><\/span> se\u00e7eneklerini kar\u015f\u0131la\u015ft\u0131r\u0131r\u0131z.<\/p><\/div>\n\t\t\t\t<\/div>\n\t\t\t\t\t\t\t<div class=\"elementor-accordion-item\">\n\t\t\t\t\t<div id=\"elementor-tab-title-2243\" class=\"elementor-tab-title\" data-tab=\"3\" role=\"button\" aria-controls=\"elementor-tab-content-2243\" aria-expanded=\"false\">\n\t\t\t\t\t\t\t\t\t\t\t\t\t<span class=\"elementor-accordion-icon elementor-accordion-icon-right\" aria-hidden=\"true\">\n\t\t\t\t\t\t\t\t\t\t\t\t\t\t\t<span class=\"elementor-accordion-icon-closed\"><i class=\"fontello icon-arrow-x-r-down\"><\/i><\/span>\n\t\t\t\t\t\t\t\t<span class=\"elementor-accordion-icon-opened\"><i class=\"fontello icon-arrow-x-r-top\"><\/i><\/span>\n\t\t\t\t\t\t\t\t\t\t\t\t\t\t<\/span>\n\t\t\t\t\t\t\t\t\t\t\t\t<a class=\"elementor-accordion-title\" tabindex=\"0\">03. Rezervasyon & Evrak<\/a>\n\t\t\t\t\t<\/div>\n\t\t\t\t\t<div id=\"elementor-tab-content-2243\" class=\"elementor-tab-content elementor-clearfix\" data-tab=\"3\" role=\"region\" aria-labelledby=\"elementor-tab-title-2243\"><p class=\"p1\">Konteyner rezervasyonu, y\u00fckleme randevusu ve <span class=\"s1\"><b>kon\u015fimento (B\/L)<\/b><\/span> s\u00fcre\u00e7leri tek ekip taraf\u0131ndan koordine edilir. <span class=\"s1\"><b>Incoterms (FOB\/CIF\/DAP\/DDP)<\/b><\/span> uyumu sa\u011flan\u0131r.<\/p><\/div>\n\t\t\t\t<\/div>\n\t\t\t\t\t\t\t<div class=\"elementor-accordion-item\">\n\t\t\t\t\t<div id=\"elementor-tab-title-2244\" class=\"elementor-tab-title\" data-tab=\"4\" role=\"button\" aria-controls=\"elementor-tab-content-2244\" aria-expanded=\"false\">\n\t\t\t\t\t\t\t\t\t\t\t\t\t<span class=\"elementor-accordion-icon elementor-accordion-icon-right\" aria-hidden=\"true\">\n\t\t\t\t\t\t\t\t\t\t\t\t\t\t\t<span class=\"elementor-accordion-icon-closed\"><i class=\"fontello icon-arrow-x-r-down\"><\/i><\/span>\n\t\t\t\t\t\t\t\t<span class=\"elementor-accordion-icon-opened\"><i class=\"fontello icon-arrow-x-r-top\"><\/i><\/span>\n\t\t\t\t\t\t\t\t\t\t\t\t\t\t<\/span>\n\t\t\t\t\t\t\t\t\t\t\t\t<a class=\"elementor-accordion-title\" tabindex=\"0\">04. Y\u00fckleme\u2013Transit Takibi<\/a>\n\t\t\t\t\t<\/div>\n\t\t\t\t\t<div id=\"elementor-tab-content-2244\" class=\"elementor-tab-content elementor-clearfix\" data-tab=\"4\" role=\"region\" aria-labelledby=\"elementor-tab-title-2244\"><p class=\"p1\">\u00c7\u0131k\u0131\u015f\/aktarma\/var\u0131\u015f stat\u00fclerini d\u00fczenli payla\u015f\u0131r\u0131z; gecikme\/rollover risklerini \u00f6nceden bildiririz.<\/p><\/div>\n\t\t\t\t<\/div>\n\t\t\t\t\t\t\t<div class=\"elementor-accordion-item\">\n\t\t\t\t\t<div id=\"elementor-tab-title-2245\" class=\"elementor-tab-title\" data-tab=\"5\" role=\"button\" aria-controls=\"elementor-tab-content-2245\" aria-expanded=\"false\">\n\t\t\t\t\t\t\t\t\t\t\t\t\t<span class=\"elementor-accordion-icon elementor-accordion-icon-right\" aria-hidden=\"true\">\n\t\t\t\t\t\t\t\t\t\t\t\t\t\t\t<span class=\"elementor-accordion-icon-closed\"><i class=\"fontello icon-arrow-x-r-down\"><\/i><\/span>\n\t\t\t\t\t\t\t\t<span class=\"elementor-accordion-icon-opened\"><i class=\"fontello icon-arrow-x-r-top\"><\/i><\/span>\n\t\t\t\t\t\t\t\t\t\t\t\t\t\t<\/span>\n\t\t\t\t\t\t\t\t\t\t\t\t<a class=\"elementor-accordion-title\" tabindex=\"0\">05. Var\u0131\u015f & Da\u011f\u0131t\u0131m<\/a>\n\t\t\t\t\t<\/div>\n\t\t\t\t\t<div id=\"elementor-tab-content-2245\" class=\"elementor-tab-content elementor-clearfix\" data-tab=\"5\" role=\"region\" aria-labelledby=\"elementor-tab-title-2245\"><p class=\"p1\">Var\u0131\u015f liman\u0131 i\u015flemleri ve gerekirse <span class=\"s1\"><b>kap\u0131dan kap\u0131ya<\/b><\/span> i\u00e7 ta\u015f\u0131ma organize edilir; evrak payla\u015f\u0131m\u0131yla s\u00fcre\u00e7 kapan\u0131r.<\/p><\/div>\n\t\t\t\t<\/div>\n\t\t\t\t\t\t\t\t<\/div>\n\t\t\t\t\t\t<\/div>\n\t\t\t\t<\/div>\n\t\t\t\t\t<\/div>\n\t\t\t\t<\/div>\n\t\t<div class=\"elementor-element elementor-element-fd33e0b e-flex e-con-boxed cut-corner-no sticky-container-off e-con e-parent\" data-id=\"fd33e0b\" data-element_type=\"container\" data-e-type=\"container\">\n\t\t\t\t\t<div class=\"e-con-inner\">\n\t\t<div class=\"elementor-element elementor-element-d438c25 e-con-full e-flex cut-corner-no sticky-container-off e-con e-child\" data-id=\"d438c25\" data-element_type=\"container\" data-e-type=\"container\">\n\t\t\t\t<div class=\"elementor-element elementor-element-5873c59 elementor-widget__width-initial elementor-invisible elementor-widget elementor-widget-logico_heading\" data-id=\"5873c59\" data-element_type=\"widget\" data-e-type=\"widget\" data-settings=\"{&quot;_animation&quot;:&quot;logico_heading_animation&quot;}\" data-widget_type=\"logico_heading.default\">\n\t\t\t\t<div class=\"elementor-widget-container\">\n\t\t\t\t\t<h3 class=\"logico-title\">Denizyolu Hizmetlerimiz\n<\/h3>\t\t\t\t<\/div>\n\t\t\t\t<\/div>\n\t\t<div class=\"elementor-element elementor-element-af3b330 e-con-full e-flex cut-corner-no sticky-container-off e-con e-child\" data-id=\"af3b330\" data-element_type=\"container\" data-e-type=\"container\">\n\t\t<div class=\"elementor-element elementor-element-7c23665 e-con-full e-flex cut-corner-no sticky-container-off e-con e-child\" data-id=\"7c23665\" data-element_type=\"container\" data-e-type=\"container\">\n\t\t\t\t<div class=\"elementor-element elementor-element-7651a22 elementor-view-default elementor-position-block-start elementor-mobile-position-block-start elementor-widget elementor-widget-icon-box\" data-id=\"7651a22\" data-element_type=\"widget\" data-e-type=\"widget\" data-widget_type=\"icon-box.default\">\n\t\t\t\t\t\t\t<div class=\"elementor-icon-box-wrapper\">\n\n\t\t\t\t\t\t<div class=\"elementor-icon-box-icon\">\n\t\t\t\t<span  class=\"elementor-icon\">\n\t\t\t\t<i aria-hidden=\"true\" class=\"fontello icon-goods-export-1\"><\/i>\t\t\t\t<\/span>\n\t\t\t<\/div>\n\t\t\t\n\t\t\t\t\t\t<div class=\"elementor-icon-box-content\">\n\n\t\t\t\t\t\t\t\t\t<div class=\"elementor-icon-box-title\">\n\t\t\t\t\t\t<span  >\n\t\t\t\t\t\t\tFCL (Full Container Load)\t\t\t\t\t\t<\/span>\n\t\t\t\t\t<\/div>\n\t\t\t\t\n\t\t\t\t\t\t\t\t\t<p class=\"elementor-icon-box-description\">\n\t\t\t\t\t\tDo\u011frudan sevkiyat; esnek cut-off, ekipman uygunlu\u011fu ve sabit transit plan\u0131.\n\t\t\t\t\t<\/p>\n\t\t\t\t\n\t\t\t<\/div>\n\t\t\t\n\t\t<\/div>\n\t\t\t\t\t\t<\/div>\n\t\t\t\t<\/div>\n\t\t<div class=\"elementor-element elementor-element-2fb55cf e-con-full e-flex cut-corner-no sticky-container-off e-con e-child\" data-id=\"2fb55cf\" data-element_type=\"container\" data-e-type=\"container\">\n\t\t\t\t<div class=\"elementor-element elementor-element-fa4da70 elementor-view-default elementor-position-block-start elementor-mobile-position-block-start elementor-widget elementor-widget-icon-box\" data-id=\"fa4da70\" data-element_type=\"widget\" data-e-type=\"widget\" data-widget_type=\"icon-box.default\">\n\t\t\t\t\t\t\t<div class=\"elementor-icon-box-wrapper\">\n\n\t\t\t\t\t\t<div class=\"elementor-icon-box-icon\">\n\t\t\t\t<span  class=\"elementor-icon\">\n\t\t\t\t<i aria-hidden=\"true\" class=\"fontello icon-goods-export-18\"><\/i>\t\t\t\t<\/span>\n\t\t\t<\/div>\n\t\t\t\n\t\t\t\t\t\t<div class=\"elementor-icon-box-content\">\n\n\t\t\t\t\t\t\t\t\t<div class=\"elementor-icon-box-title\">\n\t\t\t\t\t\t<span  >\n\t\t\t\t\t\t\tLCL (Less than Container Load)\t\t\t\t\t\t<\/span>\n\t\t\t\t\t<\/div>\n\t\t\t\t\n\t\t\t\t\t\t\t\t\t<p class=\"elementor-icon-box-description\">\n\t\t\t\t\t\tKonsolide \u00e7\u0131k\u0131\u015flarla maliyet avantaj\u0131; net ETA ve d\u00fczenli bilgilendirme.\n\t\t\t\t\t<\/p>\n\t\t\t\t\n\t\t\t<\/div>\n\t\t\t\n\t\t<\/div>\n\t\t\t\t\t\t<\/div>\n\t\t\t\t<\/div>\n\t\t<div class=\"elementor-element elementor-element-edd40c3 e-con-full e-flex cut-corner-no sticky-container-off e-con e-child\" data-id=\"edd40c3\" data-element_type=\"container\" data-e-type=\"container\">\n\t\t\t\t<div class=\"elementor-element elementor-element-df900cf elementor-view-default elementor-position-block-start elementor-mobile-position-block-start elementor-widget elementor-widget-icon-box\" data-id=\"df900cf\" data-element_type=\"widget\" data-e-type=\"widget\" data-widget_type=\"icon-box.default\">\n\t\t\t\t\t\t\t<div class=\"elementor-icon-box-wrapper\">\n\n\t\t\t\t\t\t<div class=\"elementor-icon-box-icon\">\n\t\t\t\t<span  class=\"elementor-icon\">\n\t\t\t\t<i aria-hidden=\"true\" class=\"fontello icon-solid-warehousing-container\"><\/i>\t\t\t\t<\/span>\n\t\t\t<\/div>\n\t\t\t\n\t\t\t\t\t\t<div class=\"elementor-icon-box-content\">\n\n\t\t\t\t\t\t\t\t\t<div class=\"elementor-icon-box-title\">\n\t\t\t\t\t\t<span  >\n\t\t\t\t\t\t\tProje\/Yar\u0131 \u00d6zel Y\u00fckler\t\t\t\t\t\t<\/span>\n\t\t\t\t\t<\/div>\n\t\t\t\t\n\t\t\t\t\t\t\t\t\t<p class=\"elementor-icon-box-description\">\n\t\t\t\t\t\tOpen Top \/ Flat Rack \u00e7\u00f6z\u00fcmleri, lashing &amp; securing koordinasyonu; rota ve liman izinleri takibi.\n\t\t\t\t\t<\/p>\n\t\t\t\t\n\t\t\t<\/div>\n\t\t\t\n\t\t<\/div>\n\t\t\t\t\t\t<\/div>\n\t\t\t\t<\/div>\n\t\t\t\t<\/div>\n\t\t\t\t<\/div>\n\t\t\t\t\t<\/div>\n\t\t\t\t<\/div>\n\t\t\t\t<\/div>\n\t\t","protected":false},"excerpt":{"rendered":"<p>FCL\/LCL konteyner se\u00e7enekleriyle hat\u2013transit\u2013ekipman alternatiflerini tarar, size en do\u011fru s\u00fcre\u2013fiyat dengesini sunar\u0131z. Operasyonu A\u2019dan Z\u2019ye tek muhatap olarak y\u00f6netir; EN\/DE yaz\u0131\u015fmalar\u0131 biz y\u00fcr\u00fct\u00fcr\u00fcz. (R2 uyumu.) 01. Hat &#038; Ekipman Plan\u0131 Y\u00fck tipine g\u00f6re 20\u2019\/40\u2019 DC\/HC, Open Top, Flat Rack vb. ekipman\u0131&#8230;<\/p>\n","protected":false},"author":1,"featured_media":0,"parent":84,"menu_order":0,"comment_status":"closed","ping_status":"closed","template":"","meta":{"footnotes":""},"class_list":["post-3508","page","type-page","status-publish","hentry"],"_links":{"self":[{"href":"https:\/\/peralojistik.com\/index.php\/wp-json\/wp\/v2\/pages\/3508","targetHints":{"allow":["GET"]}}],"collection":[{"href":"https:\/\/peralojistik.com\/index.php\/wp-json\/wp\/v2\/pages"}],"about":[{"href":"https:\/\/peralojistik.com\/index.php\/wp-json\/wp\/v2\/types\/page"}],"author":[{"embeddable":true,"href":"https:\/\/peralojistik.com\/index.php\/wp-json\/wp\/v2\/users\/1"}],"replies":[{"embeddable":true,"href":"https:\/\/peralojistik.com\/index.php\/wp-json\/wp\/v2\/comments?post=3508"}],"version-history":[{"count":8,"href":"https:\/\/peralojistik.com\/index.php\/wp-json\/wp\/v2\/pages\/3508\/revisions"}],"predecessor-version":[{"id":10867,"href":"https:\/\/peralojistik.com\/index.php\/wp-json\/wp\/v2\/pages\/3508\/revisions\/10867"}],"up":[{"embeddable":true,"href":"https:\/\/peralojistik.com\/index.php\/wp-json\/wp\/v2\/pages\/84"}],"wp:attachment":[{"href":"https:\/\/peralojistik.com\/index.php\/wp-json\/wp\/v2\/media?parent=3508"}],"curies":[{"name":"wp","href":"https:\/\/api.w.org\/{rel}","templated":true}]}}