{"id":3397,"date":"2024-08-28T11:25:29","date_gmt":"2024-08-28T11:25:29","guid":{"rendered":"https:\/\/demo.artureanec.com\/themes\/logico-rounded\/?page_id=3397"},"modified":"2025-10-02T16:16:22","modified_gmt":"2025-10-02T16:16:22","slug":"havayolu-tasimaciligi","status":"publish","type":"page","link":"https:\/\/peralojistik.com\/index.php\/hizmetlerimiz\/havayolu-tasimaciligi\/","title":{"rendered":"Havayolu Ta\u015f\u0131mac\u0131l\u0131\u011f\u0131"},"content":{"rendered":"\t\t<div data-elementor-type=\"wp-page\" data-elementor-id=\"3397\" class=\"elementor elementor-3397\">\n\t\t\t\t<div class=\"elementor-element elementor-element-442eede e-flex e-con-boxed cut-corner-no sticky-container-off e-con e-parent\" data-id=\"442eede\" data-element_type=\"container\" data-e-type=\"container\">\n\t\t\t\t\t<div class=\"e-con-inner\">\n\t\t<div class=\"elementor-element elementor-element-a1b58a4 e-con-full e-flex cut-corner-no sticky-container-off e-con e-child\" data-id=\"a1b58a4\" data-element_type=\"container\" data-e-type=\"container\">\n\t\t\t\t<div class=\"elementor-element elementor-element-c8e7c25 elementor-widget__width-initial elementor-invisible elementor-widget elementor-widget-logico_heading\" data-id=\"c8e7c25\" data-element_type=\"widget\" data-e-type=\"widget\" data-settings=\"{&quot;_animation&quot;:&quot;logico_heading_animation&quot;}\" data-widget_type=\"logico_heading.default\">\n\t\t\t\t<div class=\"elementor-widget-container\">\n\t\t\t\t\t<h3 class=\"logico-title\">Havayolu Ta\u015f\u0131mac\u0131l\u0131\u011f\u0131\n<\/h3>\t\t\t\t<\/div>\n\t\t\t\t<\/div>\n\t\t\t\t<div class=\"elementor-element elementor-element-ea07fb0 elementor-widget elementor-widget-text-editor\" data-id=\"ea07fb0\" data-element_type=\"widget\" data-e-type=\"widget\" data-widget_type=\"text-editor.default\">\n\t\t\t\t\t\t\t\t\t<p class=\"p1\">Zaman kritik g\u00f6nderiler i\u00e7in <span class=\"s1\"><b>h\u0131zl\u0131 planlama<\/b><\/span> ve <span class=\"s1\"><b>esnek u\u00e7u\u015f<\/b><\/span> se\u00e7enekleri. Aktarma alternatiflerini tarar, <span class=\"s1\"><b>s\u00fcre\u2013fiyat dengesini<\/b><\/span> net sunar; s\u00fcreci <span class=\"s1\"><b>A\u2019dan Z\u2019ye tek muhatap<\/b><\/span> olarak y\u00f6netiriz. <i>(EN\/DE yaz\u0131\u015fma deste\u011fi, R2 uyumu.)<\/i><\/p>\t\t\t\t\t\t\t\t<\/div>\n\t\t\t\t<div class=\"elementor-element elementor-element-09db825 elementor-widget elementor-widget-image\" data-id=\"09db825\" data-element_type=\"widget\" data-e-type=\"widget\" data-widget_type=\"image.default\">\n\t\t\t\t\t\t\t\t\t\t\t\t\t\t\t<img fetchpriority=\"high\" decoding=\"async\" width=\"1809\" height=\"527\" src=\"https:\/\/peralojistik.com\/wp-content\/uploads\/2025\/10\/havayolu-tasimaciligi.webp\" class=\"attachment-full size-full wp-image-10783\" alt=\"havayolu ta\u015f\u0131mac\u0131l\u0131\u011f\u0131\" \/>\t\t\t\t\t\t\t\t\t\t\t\t\t\t\t<\/div>\n\t\t\t\t<\/div>\n\t\t\t\t\t<\/div>\n\t\t\t\t<\/div>\n\t\t<div class=\"elementor-element elementor-element-b8da0f5 e-flex e-con-boxed cut-corner-no sticky-container-off e-con e-parent\" data-id=\"b8da0f5\" data-element_type=\"container\" data-e-type=\"container\">\n\t\t\t\t\t<div class=\"e-con-inner\">\n\t\t<div class=\"elementor-element elementor-element-89d7623 e-con-full e-flex cut-corner-no sticky-container-off e-con e-child\" data-id=\"89d7623\" data-element_type=\"container\" data-e-type=\"container\">\n\t\t\t\t<div class=\"elementor-element elementor-element-54d05ac elementor-invisible elementor-widget elementor-widget-logico_heading\" data-id=\"54d05ac\" data-element_type=\"widget\" data-e-type=\"widget\" data-settings=\"{&quot;_animation&quot;:&quot;logico_heading_animation&quot;}\" data-widget_type=\"logico_heading.default\">\n\t\t\t\t<div class=\"elementor-widget-container\">\n\t\t\t\t\t<h3 class=\"logico-title\">Nas\u0131l \u00c7al\u0131\u015f\u0131r?\n<\/h3>\t\t\t\t<\/div>\n\t\t\t\t<\/div>\n\t\t\t\t<div class=\"elementor-element elementor-element-155d377 elementor-widget elementor-widget-accordion\" data-id=\"155d377\" data-element_type=\"widget\" data-e-type=\"widget\" data-widget_type=\"accordion.default\">\n\t\t\t\t\t\t\t<div class=\"elementor-accordion\">\n\t\t\t\t\t\t\t<div class=\"elementor-accordion-item\">\n\t\t\t\t\t<div id=\"elementor-tab-title-2241\" class=\"elementor-tab-title\" data-tab=\"1\" role=\"button\" aria-controls=\"elementor-tab-content-2241\" aria-expanded=\"false\">\n\t\t\t\t\t\t\t\t\t\t\t\t\t<span class=\"elementor-accordion-icon elementor-accordion-icon-right\" aria-hidden=\"true\">\n\t\t\t\t\t\t\t\t\t\t\t\t\t\t\t<span class=\"elementor-accordion-icon-closed\"><i class=\"fontello icon-arrow-x-r-down\"><\/i><\/span>\n\t\t\t\t\t\t\t\t<span class=\"elementor-accordion-icon-opened\"><i class=\"fontello icon-arrow-x-r-top\"><\/i><\/span>\n\t\t\t\t\t\t\t\t\t\t\t\t\t\t<\/span>\n\t\t\t\t\t\t\t\t\t\t\t\t<a class=\"elementor-accordion-title\" tabindex=\"0\">01. \u015eeffaf Teklif & Planlama<\/a>\n\t\t\t\t\t<\/div>\n\t\t\t\t\t<div id=\"elementor-tab-content-2241\" class=\"elementor-tab-content elementor-clearfix\" data-tab=\"1\" role=\"region\" aria-labelledby=\"elementor-tab-title-2241\"><p class=\"p1\">Kargo \u00f6l\u00e7\u00fc\/a\u011f\u0131rl\u0131k ve \u00e7\u0131k\u0131\u015f\u2013var\u0131\u015f bilgilerine g\u00f6re <span class=\"s1\"><b>direkt\/aktarmal\u0131<\/b><\/span> alternatifleri \u00e7\u0131kar\u0131r\u0131z. T\u00fcm <span class=\"s1\"><b>masraf kalemleri<\/b><\/span> (navlun, handling, aktarma, opsiyonel hizmetler) net olarak payla\u015f\u0131l\u0131r.<\/p><ul><li><p class=\"p1\">ETA\/ETD ve opsiyon kar\u015f\u0131la\u015ft\u0131rmas\u0131<\/p><\/li><li><p class=\"p1\">U\u00e7u\u015f + aktarma risk de\u011ferlendirmesi<\/p><\/li><li><p class=\"p1\">Gerekli evrak\/Incoterms bilgilendirmesi<\/p><\/li><\/ul><\/div>\n\t\t\t\t<\/div>\n\t\t\t\t\t\t\t<div class=\"elementor-accordion-item\">\n\t\t\t\t\t<div id=\"elementor-tab-title-2242\" class=\"elementor-tab-title\" data-tab=\"2\" role=\"button\" aria-controls=\"elementor-tab-content-2242\" aria-expanded=\"false\">\n\t\t\t\t\t\t\t\t\t\t\t\t\t<span class=\"elementor-accordion-icon elementor-accordion-icon-right\" aria-hidden=\"true\">\n\t\t\t\t\t\t\t\t\t\t\t\t\t\t\t<span class=\"elementor-accordion-icon-closed\"><i class=\"fontello icon-arrow-x-r-down\"><\/i><\/span>\n\t\t\t\t\t\t\t\t<span class=\"elementor-accordion-icon-opened\"><i class=\"fontello icon-arrow-x-r-top\"><\/i><\/span>\n\t\t\t\t\t\t\t\t\t\t\t\t\t\t<\/span>\n\t\t\t\t\t\t\t\t\t\t\t\t<a class=\"elementor-accordion-title\" tabindex=\"0\">02. Rezervasyon & Handling<\/a>\n\t\t\t\t\t<\/div>\n\t\t\t\t\t<div id=\"elementor-tab-content-2242\" class=\"elementor-tab-content elementor-clearfix\" data-tab=\"2\" role=\"region\" aria-labelledby=\"elementor-tab-title-2242\"><p class=\"p1\">U\u00e7u\u015f rezervasyonu yap\u0131l\u0131r; havaliman\u0131 handling s\u00fcre\u00e7leri ve <span class=\"s1\"><b>u\u00e7ak uygunlu\u011fu<\/b><\/span> (\u00f6l\u00e7\u00fc\/kapasite) kontrol edilir.<\/p><\/div>\n\t\t\t\t<\/div>\n\t\t\t\t\t\t\t<div class=\"elementor-accordion-item\">\n\t\t\t\t\t<div id=\"elementor-tab-title-2243\" class=\"elementor-tab-title\" data-tab=\"3\" role=\"button\" aria-controls=\"elementor-tab-content-2243\" aria-expanded=\"false\">\n\t\t\t\t\t\t\t\t\t\t\t\t\t<span class=\"elementor-accordion-icon elementor-accordion-icon-right\" aria-hidden=\"true\">\n\t\t\t\t\t\t\t\t\t\t\t\t\t\t\t<span class=\"elementor-accordion-icon-closed\"><i class=\"fontello icon-arrow-x-r-down\"><\/i><\/span>\n\t\t\t\t\t\t\t\t<span class=\"elementor-accordion-icon-opened\"><i class=\"fontello icon-arrow-x-r-top\"><\/i><\/span>\n\t\t\t\t\t\t\t\t\t\t\t\t\t\t<\/span>\n\t\t\t\t\t\t\t\t\t\t\t\t<a class=\"elementor-accordion-title\" tabindex=\"0\">03. Y\u00fckleme & U\u00e7u\u015f Takibi<\/a>\n\t\t\t\t\t<\/div>\n\t\t\t\t\t<div id=\"elementor-tab-content-2243\" class=\"elementor-tab-content elementor-clearfix\" data-tab=\"3\" role=\"region\" aria-labelledby=\"elementor-tab-title-2243\"><p class=\"p1\">AWB d\u00fczenleme, y\u00fckleme ve aktarma a\u015famalar\u0131 <span class=\"s1\"><b>anl\u0131k bildirim<\/b><\/span> ile payla\u015f\u0131l\u0131r; gecikme\/slot de\u011fi\u015fiklikleri h\u0131zla iletilir.<\/p><\/div>\n\t\t\t\t<\/div>\n\t\t\t\t\t\t\t<div class=\"elementor-accordion-item\">\n\t\t\t\t\t<div id=\"elementor-tab-title-2244\" class=\"elementor-tab-title\" data-tab=\"4\" role=\"button\" aria-controls=\"elementor-tab-content-2244\" aria-expanded=\"false\">\n\t\t\t\t\t\t\t\t\t\t\t\t\t<span class=\"elementor-accordion-icon elementor-accordion-icon-right\" aria-hidden=\"true\">\n\t\t\t\t\t\t\t\t\t\t\t\t\t\t\t<span class=\"elementor-accordion-icon-closed\"><i class=\"fontello icon-arrow-x-r-down\"><\/i><\/span>\n\t\t\t\t\t\t\t\t<span class=\"elementor-accordion-icon-opened\"><i class=\"fontello icon-arrow-x-r-top\"><\/i><\/span>\n\t\t\t\t\t\t\t\t\t\t\t\t\t\t<\/span>\n\t\t\t\t\t\t\t\t\t\t\t\t<a class=\"elementor-accordion-title\" tabindex=\"0\">04. Var\u0131\u015f & Teslim Organizasyonu<\/a>\n\t\t\t\t\t<\/div>\n\t\t\t\t\t<div id=\"elementor-tab-content-2244\" class=\"elementor-tab-content elementor-clearfix\" data-tab=\"4\" role=\"region\" aria-labelledby=\"elementor-tab-title-2244\"><p class=\"p1\">Havaliman\u0131 \u00e7\u0131k\u0131\u015f i\u015flemleri ve teslim randevusu koordine edilir; <span class=\"s1\"><b>kap\u0131dan kap\u0131ya<\/b><\/span> gerekiyorsa yerel da\u011f\u0131t\u0131m ayarlan\u0131r.<\/p><\/div>\n\t\t\t\t<\/div>\n\t\t\t\t\t\t\t<div class=\"elementor-accordion-item\">\n\t\t\t\t\t<div id=\"elementor-tab-title-2245\" class=\"elementor-tab-title\" data-tab=\"5\" role=\"button\" aria-controls=\"elementor-tab-content-2245\" aria-expanded=\"false\">\n\t\t\t\t\t\t\t\t\t\t\t\t\t<span class=\"elementor-accordion-icon elementor-accordion-icon-right\" aria-hidden=\"true\">\n\t\t\t\t\t\t\t\t\t\t\t\t\t\t\t<span class=\"elementor-accordion-icon-closed\"><i class=\"fontello icon-arrow-x-r-down\"><\/i><\/span>\n\t\t\t\t\t\t\t\t<span class=\"elementor-accordion-icon-opened\"><i class=\"fontello icon-arrow-x-r-top\"><\/i><\/span>\n\t\t\t\t\t\t\t\t\t\t\t\t\t\t<\/span>\n\t\t\t\t\t\t\t\t\t\t\t\t<a class=\"elementor-accordion-title\" tabindex=\"0\">05. Evrak Payla\u015f\u0131m\u0131 & Kapan\u0131\u015f<\/a>\n\t\t\t\t\t<\/div>\n\t\t\t\t\t<div id=\"elementor-tab-content-2245\" class=\"elementor-tab-content elementor-clearfix\" data-tab=\"5\" role=\"region\" aria-labelledby=\"elementor-tab-title-2245\"><p class=\"p1\">Teslim teyidi, AWB ve di\u011fer belgeler g\u00f6nderilir; faturalama ve k\u0131sa performans \u00f6zeti ile s\u00fcre\u00e7 kapan\u0131r.<\/p><\/div>\n\t\t\t\t<\/div>\n\t\t\t\t\t\t\t\t<\/div>\n\t\t\t\t\t\t<\/div>\n\t\t\t\t<\/div>\n\t\t\t\t\t<\/div>\n\t\t\t\t<\/div>\n\t\t<div class=\"elementor-element elementor-element-fd33e0b e-flex e-con-boxed cut-corner-no sticky-container-off e-con e-parent\" data-id=\"fd33e0b\" data-element_type=\"container\" data-e-type=\"container\">\n\t\t\t\t\t<div class=\"e-con-inner\">\n\t\t<div class=\"elementor-element elementor-element-d438c25 e-con-full e-flex cut-corner-no sticky-container-off e-con e-child\" data-id=\"d438c25\" data-element_type=\"container\" data-e-type=\"container\">\n\t\t\t\t<div class=\"elementor-element elementor-element-5873c59 elementor-widget__width-initial elementor-invisible elementor-widget elementor-widget-logico_heading\" data-id=\"5873c59\" data-element_type=\"widget\" data-e-type=\"widget\" data-settings=\"{&quot;_animation&quot;:&quot;logico_heading_animation&quot;}\" data-widget_type=\"logico_heading.default\">\n\t\t\t\t<div class=\"elementor-widget-container\">\n\t\t\t\t\t<h3 class=\"logico-title\">Havayolu Hizmetlerimiz\n<\/h3>\t\t\t\t<\/div>\n\t\t\t\t<\/div>\n\t\t<div class=\"elementor-element elementor-element-af3b330 e-con-full e-flex cut-corner-no sticky-container-off e-con e-child\" data-id=\"af3b330\" data-element_type=\"container\" data-e-type=\"container\">\n\t\t<div class=\"elementor-element elementor-element-7c23665 e-con-full e-flex cut-corner-no sticky-container-off e-con e-child\" data-id=\"7c23665\" data-element_type=\"container\" data-e-type=\"container\">\n\t\t\t\t<div class=\"elementor-element elementor-element-7651a22 elementor-view-default elementor-position-block-start elementor-mobile-position-block-start elementor-widget elementor-widget-icon-box\" data-id=\"7651a22\" data-element_type=\"widget\" data-e-type=\"widget\" data-widget_type=\"icon-box.default\">\n\t\t\t\t\t\t\t<div class=\"elementor-icon-box-wrapper\">\n\n\t\t\t\t\t\t<div class=\"elementor-icon-box-icon\">\n\t\t\t\t<span  class=\"elementor-icon\">\n\t\t\t\t<i aria-hidden=\"true\" class=\"fontello icon-air-delivery\"><\/i>\t\t\t\t<\/span>\n\t\t\t<\/div>\n\t\t\t\n\t\t\t\t\t\t<div class=\"elementor-icon-box-content\">\n\n\t\t\t\t\t\t\t\t\t<div class=\"elementor-icon-box-title\">\n\t\t\t\t\t\t<span  >\n\t\t\t\t\t\t\tEkspres \/ Priority\t\t\t\t\t\t<\/span>\n\t\t\t\t\t<\/div>\n\t\t\t\t\n\t\t\t\t\t\t\t\t\t<p class=\"elementor-icon-box-description\">\n\t\t\t\t\t\tZaman kritik g\u00f6nderiler i\u00e7in h\u0131z odakl\u0131 planlama; en yak\u0131n sefer ve k\u0131sa aktarma s\u00fcreleri.\t\t\t\t\t<\/p>\n\t\t\t\t\n\t\t\t<\/div>\n\t\t\t\n\t\t<\/div>\n\t\t\t\t\t\t<\/div>\n\t\t\t\t<\/div>\n\t\t<div class=\"elementor-element elementor-element-2fb55cf e-con-full e-flex cut-corner-no sticky-container-off e-con e-child\" data-id=\"2fb55cf\" data-element_type=\"container\" data-e-type=\"container\">\n\t\t\t\t<div class=\"elementor-element elementor-element-fa4da70 elementor-view-default elementor-position-block-start elementor-mobile-position-block-start elementor-widget elementor-widget-icon-box\" data-id=\"fa4da70\" data-element_type=\"widget\" data-e-type=\"widget\" data-widget_type=\"icon-box.default\">\n\t\t\t\t\t\t\t<div class=\"elementor-icon-box-wrapper\">\n\n\t\t\t\t\t\t<div class=\"elementor-icon-box-icon\">\n\t\t\t\t<span  class=\"elementor-icon\">\n\t\t\t\t<i aria-hidden=\"true\" class=\"fontello icon-container\"><\/i>\t\t\t\t<\/span>\n\t\t\t<\/div>\n\t\t\t\n\t\t\t\t\t\t<div class=\"elementor-icon-box-content\">\n\n\t\t\t\t\t\t\t\t\t<div class=\"elementor-icon-box-title\">\n\t\t\t\t\t\t<span  >\n\t\t\t\t\t\t\tStandart \/ Ekonomik (Consol)\t\t\t\t\t\t<\/span>\n\t\t\t\t\t<\/div>\n\t\t\t\t\n\t\t\t\t\t\t\t\t\t<p class=\"elementor-icon-box-description\">\n\t\t\t\t\t\tU\u00e7u\u015f ve aktarma konsolidasyonu ile maliyet avantaj\u0131; net ETA ve d\u00fczenli bilgilendirme.\n\t\t\t\t\t<\/p>\n\t\t\t\t\n\t\t\t<\/div>\n\t\t\t\n\t\t<\/div>\n\t\t\t\t\t\t<\/div>\n\t\t\t\t<\/div>\n\t\t<div class=\"elementor-element elementor-element-edd40c3 e-con-full e-flex cut-corner-no sticky-container-off e-con e-child\" data-id=\"edd40c3\" data-element_type=\"container\" data-e-type=\"container\">\n\t\t\t\t<div class=\"elementor-element elementor-element-df900cf elementor-view-default elementor-position-block-start elementor-mobile-position-block-start elementor-widget elementor-widget-icon-box\" data-id=\"df900cf\" data-element_type=\"widget\" data-e-type=\"widget\" data-widget_type=\"icon-box.default\">\n\t\t\t\t\t\t\t<div class=\"elementor-icon-box-wrapper\">\n\n\t\t\t\t\t\t<div class=\"elementor-icon-box-icon\">\n\t\t\t\t<span  class=\"elementor-icon\">\n\t\t\t\t<i aria-hidden=\"true\" class=\"fontello icon-trolley\"><\/i>\t\t\t\t<\/span>\n\t\t\t<\/div>\n\t\t\t\n\t\t\t\t\t\t<div class=\"elementor-icon-box-content\">\n\n\t\t\t\t\t\t\t\t\t<div class=\"elementor-icon-box-title\">\n\t\t\t\t\t\t<span  >\n\t\t\t\t\t\t\tHavaliman\u0131 \u2194 Kap\u0131 \/ Kap\u0131 \u2194 Havaliman\u0131\t\t\t\t\t\t<\/span>\n\t\t\t\t\t<\/div>\n\t\t\t\t\n\t\t\t\t\t\t\t\t\t<p class=\"elementor-icon-box-description\">\n\t\t\t\t\t\t\u0130htiyaca g\u00f6re kap\u0131dan kap\u0131ya veya havaliman\u0131ndan havaliman\u0131na organizasyon; evrak ve randevu koordinasyonu bizde.\n\t\t\t\t\t<\/p>\n\t\t\t\t\n\t\t\t<\/div>\n\t\t\t\n\t\t<\/div>\n\t\t\t\t\t\t<\/div>\n\t\t\t\t<\/div>\n\t\t\t\t<\/div>\n\t\t\t\t<\/div>\n\t\t\t\t\t<\/div>\n\t\t\t\t<\/div>\n\t\t\t\t<\/div>\n\t\t","protected":false},"excerpt":{"rendered":"<p>Zaman kritik g\u00f6nderiler i\u00e7in h\u0131zl\u0131 planlama ve esnek u\u00e7u\u015f se\u00e7enekleri. Aktarma alternatiflerini tarar, s\u00fcre\u2013fiyat dengesini net sunar; s\u00fcreci A\u2019dan Z\u2019ye tek muhatap olarak y\u00f6netiriz. (EN\/DE yaz\u0131\u015fma deste\u011fi, R2 uyumu.) 01. \u015eeffaf Teklif &#038; Planlama Kargo \u00f6l\u00e7\u00fc\/a\u011f\u0131rl\u0131k ve \u00e7\u0131k\u0131\u015f\u2013var\u0131\u015f bilgilerine g\u00f6re direkt\/aktarmal\u0131&#8230;<\/p>\n","protected":false},"author":1,"featured_media":0,"parent":84,"menu_order":0,"comment_status":"closed","ping_status":"closed","template":"","meta":{"footnotes":""},"class_list":["post-3397","page","type-page","status-publish","hentry"],"_links":{"self":[{"href":"https:\/\/peralojistik.com\/index.php\/wp-json\/wp\/v2\/pages\/3397","targetHints":{"allow":["GET"]}}],"collection":[{"href":"https:\/\/peralojistik.com\/index.php\/wp-json\/wp\/v2\/pages"}],"about":[{"href":"https:\/\/peralojistik.com\/index.php\/wp-json\/wp\/v2\/types\/page"}],"author":[{"embeddable":true,"href":"https:\/\/peralojistik.com\/index.php\/wp-json\/wp\/v2\/users\/1"}],"replies":[{"embeddable":true,"href":"https:\/\/peralojistik.com\/index.php\/wp-json\/wp\/v2\/comments?post=3397"}],"version-history":[{"count":8,"href":"https:\/\/peralojistik.com\/index.php\/wp-json\/wp\/v2\/pages\/3397\/revisions"}],"predecessor-version":[{"id":10870,"href":"https:\/\/peralojistik.com\/index.php\/wp-json\/wp\/v2\/pages\/3397\/revisions\/10870"}],"up":[{"embeddable":true,"href":"https:\/\/peralojistik.com\/index.php\/wp-json\/wp\/v2\/pages\/84"}],"wp:attachment":[{"href":"https:\/\/peralojistik.com\/index.php\/wp-json\/wp\/v2\/media?parent=3397"}],"curies":[{"name":"wp","href":"https:\/\/api.w.org\/{rel}","templated":true}]}}