{"id":17,"date":"2024-01-09T15:55:53","date_gmt":"2024-01-09T15:55:53","guid":{"rendered":"https:\/\/demo.artureanec.com\/themes\/logico-rounded\/?page_id=17"},"modified":"2025-10-02T16:17:45","modified_gmt":"2025-10-02T16:17:45","slug":"iletisim","status":"publish","type":"page","link":"https:\/\/peralojistik.com\/index.php\/iletisim\/","title":{"rendered":"\u0130leti\u015fim"},"content":{"rendered":"\t\t<div data-elementor-type=\"wp-page\" data-elementor-id=\"17\" class=\"elementor elementor-17\">\n\t\t\t\t<div class=\"elementor-element elementor-element-d9d0f10 e-flex e-con-boxed cut-corner-no sticky-container-off e-con e-parent\" data-id=\"d9d0f10\" data-element_type=\"container\" data-e-type=\"container\">\n\t\t\t\t\t<div class=\"e-con-inner\">\n\t\t<div class=\"elementor-element elementor-element-47f9ed3 e-con-full e-flex cut-corner-no sticky-container-off e-con e-child\" data-id=\"47f9ed3\" data-element_type=\"container\" data-e-type=\"container\">\n\t\t<div class=\"elementor-element elementor-element-b7efa56 e-con-full e-flex cut-corner-no sticky-container-off e-con e-child\" data-id=\"b7efa56\" data-element_type=\"container\" data-e-type=\"container\">\n\t\t\t\t<div class=\"elementor-element elementor-element-0d01f0c elementor-absolute elementor-widget elementor-widget-image\" data-id=\"0d01f0c\" data-element_type=\"widget\" data-e-type=\"widget\" data-settings=\"{&quot;_position&quot;:&quot;absolute&quot;}\" data-widget_type=\"image.default\">\n\t\t\t\t\t\t\t\t\t\t\t\t\t\t\t<img fetchpriority=\"high\" decoding=\"async\" width=\"966\" height=\"474\" src=\"https:\/\/peralojistik.com\/wp-content\/uploads\/2024\/06\/bg-contacts.png\" class=\"attachment-full size-full wp-image-1680\" alt=\"\" \/>\t\t\t\t\t\t\t\t\t\t\t\t\t\t\t<\/div>\n\t\t\t\t<div class=\"elementor-element elementor-element-96187be elementor-invisible elementor-widget elementor-widget-logico_heading\" data-id=\"96187be\" data-element_type=\"widget\" data-e-type=\"widget\" data-settings=\"{&quot;_animation&quot;:&quot;logico_heading_animation&quot;}\" data-widget_type=\"logico_heading.default\">\n\t\t\t\t<div class=\"elementor-widget-container\">\n\t\t\t\t\t<h3 class=\"logico-title\">Sorular\u0131n\u0131z \u0130\u00e7in Buraday\u0131z\n<\/h3>\t\t\t\t<\/div>\n\t\t\t\t<\/div>\n\t\t\t\t<div class=\"elementor-element elementor-element-a66bc4b elementor-widget elementor-widget-text-editor\" data-id=\"a66bc4b\" data-element_type=\"widget\" data-e-type=\"widget\" data-widget_type=\"text-editor.default\">\n\t\t\t\t\t\t\t\t\t<p class=\"p1\">Talebinizi payla\u015f\u0131n; hatt\u0131n\u0131za en uygun <span class=\"s1\"><b>navlun<\/b><\/span> ve <span class=\"s1\"><b>s\u00fcre<\/b><\/span> alternatifleriyle en k\u0131sa s\u00fcrede d\u00f6n\u00fc\u015f yapal\u0131m. S\u00fcreci <span class=\"s1\"><b>A\u2019dan Z\u2019ye tek muhatap<\/b><\/span> olarak y\u00f6netiyoruz.<\/p>\t\t\t\t\t\t\t\t<\/div>\n\t\t<div class=\"elementor-element elementor-element-ed3277b e-flex e-con-boxed cut-corner-no sticky-container-off e-con e-child\" data-id=\"ed3277b\" data-element_type=\"container\" data-e-type=\"container\">\n\t\t\t\t\t<div class=\"e-con-inner\">\n\t\t<div class=\"elementor-element elementor-element-5137c23 e-con-full e-flex cut-corner-no sticky-container-off e-con e-child\" data-id=\"5137c23\" data-element_type=\"container\" data-e-type=\"container\">\n\t\t\t\t<div class=\"elementor-element elementor-element-610731b elementor-widget elementor-widget-logico_heading\" data-id=\"610731b\" data-element_type=\"widget\" data-e-type=\"widget\" data-widget_type=\"logico_heading.default\">\n\t\t\t\t<div class=\"elementor-widget-container\">\n\t\t\t\t\t<div class=\"logico-title\">Telefon\n<\/div>\t\t\t\t<\/div>\n\t\t\t\t<\/div>\n\t\t\t\t<div class=\"elementor-element elementor-element-09f7c9d elementor-widget elementor-widget-text-editor\" data-id=\"09f7c9d\" data-element_type=\"widget\" data-e-type=\"widget\" data-widget_type=\"text-editor.default\">\n\t\t\t\t\t\t\t\t\t<p class=\"p1\"><a href=\"tel:902163443020\">+90 (216) 344 30 20<\/a><\/p>\t\t\t\t\t\t\t\t<\/div>\n\t\t\t\t<\/div>\n\t\t<div class=\"elementor-element elementor-element-ef3ee9f e-con-full e-flex cut-corner-no sticky-container-off e-con e-child\" data-id=\"ef3ee9f\" data-element_type=\"container\" data-e-type=\"container\">\n\t\t\t\t<div class=\"elementor-element elementor-element-dcee0a8 elementor-widget elementor-widget-logico_heading\" data-id=\"dcee0a8\" data-element_type=\"widget\" data-e-type=\"widget\" data-widget_type=\"logico_heading.default\">\n\t\t\t\t<div class=\"elementor-widget-container\">\n\t\t\t\t\t<div class=\"logico-title\">Adres\n<\/div>\t\t\t\t<\/div>\n\t\t\t\t<\/div>\n\t\t\t\t<div class=\"elementor-element elementor-element-742ab85 elementor-widget elementor-widget-text-editor\" data-id=\"742ab85\" data-element_type=\"widget\" data-e-type=\"widget\" data-widget_type=\"text-editor.default\">\n\t\t\t\t\t\t\t\t\t<p class=\"p1\">Cumhuriyet Mah. \u00d6zg\u00fcne\u015f Sok. No:20 \/ 9 \u00dcsk\u00fcdar \/ \u0130stanbul<\/p>\t\t\t\t\t\t\t\t<\/div>\n\t\t\t\t<\/div>\n\t\t\t\t\t<\/div>\n\t\t\t\t<\/div>\n\t\t<div class=\"elementor-element elementor-element-37154d6 e-flex e-con-boxed cut-corner-no sticky-container-off e-con e-child\" data-id=\"37154d6\" data-element_type=\"container\" data-e-type=\"container\">\n\t\t\t\t\t<div class=\"e-con-inner\">\n\t\t<div class=\"elementor-element elementor-element-a7fe959 e-con-full e-flex cut-corner-no sticky-container-off e-con e-child\" data-id=\"a7fe959\" data-element_type=\"container\" data-e-type=\"container\">\n\t\t\t\t<div class=\"elementor-element elementor-element-a61b826 elementor-widget elementor-widget-logico_heading\" data-id=\"a61b826\" data-element_type=\"widget\" data-e-type=\"widget\" data-widget_type=\"logico_heading.default\">\n\t\t\t\t<div class=\"elementor-widget-container\">\n\t\t\t\t\t<div class=\"logico-title\">E-posta\n<\/div>\t\t\t\t<\/div>\n\t\t\t\t<\/div>\n\t\t\t\t<div class=\"elementor-element elementor-element-e3707dc elementor-widget elementor-widget-text-editor\" data-id=\"e3707dc\" data-element_type=\"widget\" data-e-type=\"widget\" data-widget_type=\"text-editor.default\">\n\t\t\t\t\t\t\t\t\t<p class=\"p1\"><a href=\"mailto:info@peralojistik.com\">info@peralojistik.com<\/a><\/p>\t\t\t\t\t\t\t\t<\/div>\n\t\t\t\t<\/div>\n\t\t\t\t\t<\/div>\n\t\t\t\t<\/div>\n\t\t\t\t<\/div>\n\t\t<div class=\"elementor-element elementor-element-0c7ba3b e-con-full e-flex cut-corner-no sticky-container-off e-con e-child\" data-id=\"0c7ba3b\" data-element_type=\"container\" data-e-type=\"container\" data-settings=\"{&quot;background_background&quot;:&quot;classic&quot;}\">\n\t\t\t\t<div class=\"elementor-element elementor-element-a62eb08 elementor-widget elementor-widget-logico_heading\" data-id=\"a62eb08\" data-element_type=\"widget\" data-e-type=\"widget\" data-widget_type=\"logico_heading.default\">\n\t\t\t\t<div class=\"elementor-widget-container\">\n\t\t\t\t\t<div class=\"logico-title\">\u0130leti\u015fim Formu\n<\/div>\t\t\t\t<\/div>\n\t\t\t\t<\/div>\n\t\t\t\t<div class=\"elementor-element elementor-element-1957a96 elementor-widget elementor-widget-logico_wpforms\" data-id=\"1957a96\" data-element_type=\"widget\" data-e-type=\"widget\" data-widget_type=\"logico_wpforms.default\">\n\t\t\t\t<div class=\"elementor-widget-container\">\n\t\t\t\t\t        <div class=\"logico-wpforms-widget\">\n            <div class=\"wpforms-container wpforms-render-modern\" id=\"wpforms-10573\"><form id=\"wpforms-form-10573\" class=\"wpforms-validate wpforms-form wpforms-ajax-form\" data-formid=\"10573\" method=\"post\" enctype=\"multipart\/form-data\" action=\"\/index.php\/wp-json\/wp\/v2\/pages\/17\" data-token=\"fbf70958cf90a3ad4d13a152a3cd79a9\" data-token-time=\"1776776337\"><noscript class=\"wpforms-error-noscript\">Please enable JavaScript in your browser to complete this form.<\/noscript><div id=\"wpforms-error-noscript\" style=\"display: none;\">Please enable JavaScript in your browser to complete this form.<\/div><div class=\"wpforms-field-container\"><div id=\"wpforms-10573-field_1-container\" class=\"wpforms-field wpforms-field-name\" data-field-id=\"1\"><div class=\"wpforms-field-wrapper logico-form-field\"><div class=\"logico-label-wrapper\"><div class=\"logico-label-placeholder\"><div class=\"logico-label-placeholder-text\">\u0130sim ve Soyisim <span class=\"wpforms-required-label\" aria-hidden=\"true\">*<\/span><\/div><\/div><label class=\"wpforms-field-label\" for=\"wpforms-10573-field_1\">\u0130sim ve Soyisim <span class=\"wpforms-required-label\" aria-hidden=\"true\">*<\/span><\/label><\/div><input type=\"text\" id=\"wpforms-10573-field_1\" class=\"wpforms-field-large wpforms-field-required\" name=\"wpforms[fields][1]\" aria-errormessage=\"wpforms-10573-field_1-error\" required><\/div><\/div><div id=\"wpforms-10573-field_3-container\" class=\"wpforms-field wpforms-field-text\" data-field-id=\"3\"><div class=\"wpforms-field-wrapper logico-form-field\"><div class=\"logico-label-wrapper\"><div class=\"logico-label-placeholder\"><div class=\"logico-label-placeholder-text\">Telefon Numaras\u0131 <span class=\"wpforms-required-label\" aria-hidden=\"true\">*<\/span><\/div><\/div><label class=\"wpforms-field-label\" for=\"wpforms-10573-field_3\">Telefon Numaras\u0131 <span class=\"wpforms-required-label\" aria-hidden=\"true\">*<\/span><\/label><\/div><input type=\"text\" id=\"wpforms-10573-field_3\" class=\"wpforms-field-large wpforms-field-required\" name=\"wpforms[fields][3]\" aria-errormessage=\"wpforms-10573-field_3-error\" required><\/div><\/div><div id=\"wpforms-10573-field_2-container\" class=\"wpforms-field wpforms-field-email\" data-field-id=\"2\"><div class=\"wpforms-field-wrapper logico-form-field\"><div class=\"logico-label-wrapper\"><div class=\"logico-label-placeholder\"><div class=\"logico-label-placeholder-text\">E-posta<\/div><\/div><label class=\"wpforms-field-label\" for=\"wpforms-10573-field_2\">E-posta<\/label><\/div><input type=\"email\" id=\"wpforms-10573-field_2\" class=\"wpforms-field-large\" name=\"wpforms[fields][2]\" spellcheck=\"false\" aria-errormessage=\"wpforms-10573-field_2-error\" ><\/div><\/div><\/div><!-- .wpforms-field-container --><div class=\"wpforms-submit-container\" ><input type=\"hidden\" name=\"wpforms[id]\" value=\"10573\"><input type=\"hidden\" name=\"page_title\" value=\"\"><input type=\"hidden\" name=\"page_url\" value=\"https:\/\/peralojistik.com\/index.php\/wp-json\/wp\/v2\/pages\/17\"><input type=\"hidden\" name=\"url_referer\" value=\"\"><button type=\"submit\" name=\"wpforms[submit]\" id=\"wpforms-submit-10573\" class=\"logico-alter-button wpforms-submit\" data-alt-text=\"Sending...\" data-submit-text=\"G\u00f6nder\" aria-live=\"assertive\" value=\"wpforms-submit\">G\u00f6nder<\/button><img decoding=\"async\" src=\"https:\/\/peralojistik.com\/wp-content\/plugins\/wpforms-lite\/assets\/images\/submit-spin.svg\" class=\"wpforms-submit-spinner\" style=\"display: none;\" width=\"26\" height=\"26\" alt=\"Loading\"><\/div><\/form><\/div>  <!-- .wpforms-container -->        <\/div>\n        \t\t\t\t<\/div>\n\t\t\t\t<\/div>\n\t\t\t\t<\/div>\n\t\t\t\t<\/div>\n\t\t\t\t\t<\/div>\n\t\t\t\t<\/div>\n\t\t<div class=\"elementor-element elementor-element-7304a53 e-con-full e-flex cut-corner-no sticky-container-off e-con e-parent\" data-id=\"7304a53\" data-element_type=\"container\" data-e-type=\"container\">\n\t\t\t\t<div class=\"elementor-element elementor-element-5a3eed4 elementor-widget elementor-widget-google_maps\" data-id=\"5a3eed4\" data-element_type=\"widget\" data-e-type=\"widget\" data-widget_type=\"google_maps.default\">\n\t\t\t\t\t\t\t<div class=\"elementor-custom-embed\">\n\t\t\t<iframe loading=\"lazy\"\n\t\t\t\t\tsrc=\"https:\/\/maps.google.com\/maps?q=Cumhuriyet%20Mah.%20%C3%96zg%C3%BCne%C5%9F%20Sok.%20No%3A20&#038;t=m&#038;z=10&#038;output=embed&#038;iwloc=near\"\n\t\t\t\t\ttitle=\"Cumhuriyet Mah. \u00d6zg\u00fcne\u015f Sok. No:20\"\n\t\t\t\t\taria-label=\"Cumhuriyet Mah. \u00d6zg\u00fcne\u015f Sok. No:20\"\n\t\t\t><\/iframe>\n\t\t<\/div>\n\t\t\t\t\t\t<\/div>\n\t\t\t\t<\/div>\n\t\t\t\t<\/div>\n\t\t","protected":false},"excerpt":{"rendered":"<p>Talebinizi payla\u015f\u0131n; hatt\u0131n\u0131za en uygun navlun ve s\u00fcre alternatifleriyle en k\u0131sa s\u00fcrede d\u00f6n\u00fc\u015f yapal\u0131m. S\u00fcreci A\u2019dan Z\u2019ye tek muhatap olarak y\u00f6netiyoruz. +90 (216) 344 30 20 Cumhuriyet Mah. \u00d6zg\u00fcne\u015f Sok. No:20 \/ 9 \u00dcsk\u00fcdar \/ \u0130stanbul info@peralojistik.com<\/p>\n","protected":false},"author":1,"featured_media":0,"parent":0,"menu_order":0,"comment_status":"closed","ping_status":"closed","template":"","meta":{"footnotes":""},"class_list":["post-17","page","type-page","status-publish","hentry"],"_links":{"self":[{"href":"https:\/\/peralojistik.com\/index.php\/wp-json\/wp\/v2\/pages\/17","targetHints":{"allow":["GET"]}}],"collection":[{"href":"https:\/\/peralojistik.com\/index.php\/wp-json\/wp\/v2\/pages"}],"about":[{"href":"https:\/\/peralojistik.com\/index.php\/wp-json\/wp\/v2\/types\/page"}],"author":[{"embeddable":true,"href":"https:\/\/peralojistik.com\/index.php\/wp-json\/wp\/v2\/users\/1"}],"replies":[{"embeddable":true,"href":"https:\/\/peralojistik.com\/index.php\/wp-json\/wp\/v2\/comments?post=17"}],"version-history":[{"count":16,"href":"https:\/\/peralojistik.com\/index.php\/wp-json\/wp\/v2\/pages\/17\/revisions"}],"predecessor-version":[{"id":10879,"href":"https:\/\/peralojistik.com\/index.php\/wp-json\/wp\/v2\/pages\/17\/revisions\/10879"}],"wp:attachment":[{"href":"https:\/\/peralojistik.com\/index.php\/wp-json\/wp\/v2\/media?parent=17"}],"curies":[{"name":"wp","href":"https:\/\/api.w.org\/{rel}","templated":true}]}}